{"id":4940,"date":"2024-11-07T17:47:58","date_gmt":"2024-11-07T12:47:58","guid":{"rendered":"https:\/\/radiusxr.com\/etude-nova\/"},"modified":"2025-08-19T14:42:16","modified_gmt":"2025-08-19T09:42:16","slug":"etude-nova","status":"publish","type":"page","link":"https:\/\/radiusxr.com\/fr-ca\/etude-nova\/","title":{"rendered":"\u00c9tude Nova"},"content":{"rendered":"\t\t<div data-elementor-type=\"wp-page\" data-elementor-id=\"4940\" class=\"elementor elementor-4940 elementor-3014\" data-elementor-post-type=\"page\">\n\t\t\t\t\t\t<section class=\"elementor-section elementor-top-section elementor-element elementor-element-780180a elementor-section-full_width elementor-section-height-default elementor-section-height-default\" data-id=\"780180a\" data-element_type=\"section\">\n\t\t\t\t\t\t<div class=\"elementor-container elementor-column-gap-default\">\n\t\t\t\t\t<div class=\"elementor-column elementor-col-50 elementor-top-column elementor-element elementor-element-d0a2c80\" data-id=\"d0a2c80\" data-element_type=\"column\" data-settings=\"{&quot;background_background&quot;:&quot;classic&quot;}\">\n\t\t\t<div class=\"elementor-widget-wrap elementor-element-populated\">\n\t\t\t\t\t\t<section class=\"elementor-section elementor-inner-section elementor-element elementor-element-92525c7 elementor-hidden-desktop elementor-hidden-tablet elementor-section-boxed elementor-section-height-default elementor-section-height-default\" data-id=\"92525c7\" data-element_type=\"section\">\n\t\t\t\t\t\t<div class=\"elementor-container elementor-column-gap-default\">\n\t\t\t\t\t<div class=\"elementor-column elementor-col-100 elementor-inner-column elementor-element elementor-element-e08c3b4\" data-id=\"e08c3b4\" data-element_type=\"column\">\n\t\t\t<div class=\"elementor-widget-wrap elementor-element-populated\">\n\t\t\t\t\t\t<div class=\"elementor-element elementor-element-58504e5 elementor-widget elementor-widget-heading\" data-id=\"58504e5\" data-element_type=\"widget\" data-widget_type=\"heading.default\">\n\t\t\t\t<div class=\"elementor-widget-container\">\n\t\t\t<h2 class=\"elementor-heading-title elementor-size-default\">Merci d\u2019avoir t\u00e9l\u00e9charg\u00e9<\/h2>\t\t<\/div>\n\t\t\t\t<\/div>\n\t\t\t\t\t<\/div>\n\t\t<\/div>\n\t\t\t\t\t<\/div>\n\t\t<\/section>\n\t\t\t\t<div class=\"elementor-element elementor-element-f999a48 elementor-hidden-mobile elementor-widget elementor-widget-heading\" data-id=\"f999a48\" data-element_type=\"widget\" data-widget_type=\"heading.default\">\n\t\t\t\t<div class=\"elementor-widget-container\">\n\t\t\t<h2 class=\"elementor-heading-title elementor-size-default\">Merci d\u2019avoir t\u00e9l\u00e9charg\u00e9<\/h2>\t\t<\/div>\n\t\t\t\t<\/div>\n\t\t\t\t<div class=\"elementor-element elementor-element-a6cf100 elementor-widget elementor-widget-heading\" data-id=\"a6cf100\" data-element_type=\"widget\" data-widget_type=\"heading.default\">\n\t\t\t\t<div class=\"elementor-widget-container\">\n\t\t\t<h2 class=\"elementor-heading-title elementor-size-default\">Essai clinique \nmulticentrique : \u00c9tude NOVA<\/h2>\t\t<\/div>\n\t\t\t\t<\/div>\n\t\t\t\t<div class=\"elementor-element elementor-element-e3ac1d7 elementor-widget elementor-widget-heading\" data-id=\"e3ac1d7\" data-element_type=\"widget\" data-widget_type=\"heading.default\">\n\t\t\t\t<div class=\"elementor-widget-container\">\n\t\t\t<h4 class=\"elementor-heading-title elementor-size-default\">Nouvelle \u00e9valuation de terrain en r\u00e9alit\u00e9 virtuelle<\/h4>\t\t<\/div>\n\t\t\t\t<\/div>\n\t\t\t\t\t<\/div>\n\t\t<\/div>\n\t\t\t\t<div class=\"elementor-column elementor-col-50 elementor-top-column elementor-element elementor-element-877c3f8\" data-id=\"877c3f8\" data-element_type=\"column\">\n\t\t\t<div class=\"elementor-widget-wrap elementor-element-populated\">\n\t\t\t\t\t\t<div class=\"elementor-element elementor-element-43892c4 elementor-button-align-start elementor-widget elementor-widget-form\" data-id=\"43892c4\" data-element_type=\"widget\" data-settings=\"{&quot;step_next_label&quot;:&quot;Suivant&quot;,&quot;step_previous_label&quot;:&quot;Pr\\u00e9c\\u00e9dent&quot;,&quot;button_width&quot;:&quot;100&quot;,&quot;step_type&quot;:&quot;number_text&quot;,&quot;step_icon_shape&quot;:&quot;circle&quot;}\" data-widget_type=\"form.default\">\n\t\t\t\t<div class=\"elementor-widget-container\">\n\t\t\t\t\t<form class=\"elementor-form\" method=\"post\" id=\"nova_form\" name=\"Nouveau formulaire\" novalidate=\"\">\n\t\t\t<input type=\"hidden\" name=\"post_id\" value=\"4940\"\/>\n\t\t\t<input type=\"hidden\" name=\"form_id\" value=\"43892c4\"\/>\n\t\t\t<input type=\"hidden\" name=\"referer_title\" value=\"RadiusXR\" \/>\n\n\t\t\t\n\t\t\t<div class=\"elementor-form-fields-wrapper elementor-labels-\">\n\t\t\t\t\t\t\t\t<div class=\"elementor-field-type-text elementor-field-group elementor-column elementor-field-group-firstname elementor-col-50 elementor-field-required\">\n\t\t\t\t\t\t\t\t\t\t\t\t<label for=\"form-field-firstname\" class=\"elementor-field-label elementor-screen-only\">\n\t\t\t\t\t\t\t\tPr\u00e9nom\t\t\t\t\t\t\t<\/label>\n\t\t\t\t\t\t\t\t\t\t\t\t\t\t<input size=\"1\" type=\"text\" name=\"form_fields[firstname]\" id=\"form-field-firstname\" class=\"elementor-field elementor-size-sm  elementor-field-textual\" placeholder=\"Pr\u00e9nom\" required=\"required\" aria-required=\"true\">\n\t\t\t\t\t\t\t\t\t\t\t<\/div>\n\t\t\t\t\t\t\t\t<div class=\"elementor-field-type-text elementor-field-group elementor-column elementor-field-group-lastname elementor-col-50 elementor-field-required\">\n\t\t\t\t\t\t\t\t\t\t\t\t<label for=\"form-field-lastname\" class=\"elementor-field-label elementor-screen-only\">\n\t\t\t\t\t\t\t\tNom de famille\t\t\t\t\t\t\t<\/label>\n\t\t\t\t\t\t\t\t\t\t\t\t\t\t<input size=\"1\" type=\"text\" name=\"form_fields[lastname]\" id=\"form-field-lastname\" class=\"elementor-field elementor-size-sm  elementor-field-textual\" placeholder=\"Nom de famille\" required=\"required\" aria-required=\"true\">\n\t\t\t\t\t\t\t\t\t\t\t<\/div>\n\t\t\t\t\t\t\t\t<div class=\"elementor-field-type-email elementor-field-group elementor-column elementor-field-group-email elementor-col-50 elementor-field-required\">\n\t\t\t\t\t\t\t\t\t\t\t\t<label for=\"form-field-email\" class=\"elementor-field-label elementor-screen-only\">\n\t\t\t\t\t\t\t\tCourriel\t\t\t\t\t\t\t<\/label>\n\t\t\t\t\t\t\t\t\t\t\t\t\t\t<input size=\"1\" type=\"email\" name=\"form_fields[email]\" id=\"form-field-email\" class=\"elementor-field elementor-size-sm  elementor-field-textual\" placeholder=\"Adresse courriel\" required=\"required\" aria-required=\"true\">\n\t\t\t\t\t\t\t\t\t\t\t<\/div>\n\t\t\t\t\t\t\t\t<div class=\"elementor-field-type-tel elementor-field-group elementor-column elementor-field-group-phonenumber elementor-col-50 elementor-field-required\">\n\t\t\t\t\t\t\t\t\t\t\t\t<label for=\"form-field-phonenumber\" class=\"elementor-field-label elementor-screen-only\">\n\t\t\t\t\t\t\t\tNum\u00e9ro de t\u00e9l\u00e9phone\t\t\t\t\t\t\t<\/label>\n\t\t\t\t\t\t\t\t<input size=\"1\" type=\"tel\" name=\"form_fields[phonenumber]\" id=\"form-field-phonenumber\" class=\"elementor-field elementor-size-sm  elementor-field-textual\" placeholder=\"Num\u00e9ro de t\u00e9l\u00e9phone\" required=\"required\" aria-required=\"true\" pattern=\"[0-9()#&amp;+*-=.]+\" title=\"Seuls les caract\u00e8res de num\u00e9ros de t\u00e9l\u00e9phone (#, -, *, etc.) sont accept\u00e9s.\">\n\n\t\t\t\t\t\t<\/div>\n\t\t\t\t\t\t\t\t<div class=\"elementor-field-type-tel elementor-field-group elementor-column elementor-field-group-zipcode elementor-col-33\">\n\t\t\t\t\t\t\t\t\t\t\t\t<label for=\"form-field-zipcode\" class=\"elementor-field-label elementor-screen-only\">\n\t\t\t\t\t\t\t\tCode postal\t\t\t\t\t\t\t<\/label>\n\t\t\t\t\t\t\t\t<input size=\"1\" type=\"tel\" name=\"form_fields[zipcode]\" id=\"form-field-zipcode\" class=\"elementor-field elementor-size-sm  elementor-field-textual\" placeholder=\"Code postal\" pattern=\"[0-9()#&amp;+*-=.]+\" title=\"Seuls les caract\u00e8res de num\u00e9ros de t\u00e9l\u00e9phone (#, -, *, etc.) sont accept\u00e9s.\">\n\n\t\t\t\t\t\t<\/div>\n\t\t\t\t\t\t\t\t<div class=\"elementor-field-type-select elementor-field-group elementor-column elementor-field-group-title elementor-col-70 elementor-field-required\">\n\t\t\t\t\t\t\t\t\t\t\t\t<label for=\"form-field-title\" class=\"elementor-field-label elementor-screen-only\">\n\t\t\t\t\t\t\t\tTitre\t\t\t\t\t\t\t<\/label>\n\t\t\t\t\t\t\t\t<div class=\"elementor-field elementor-select-wrapper remove-before \">\n\t\t\t<div class=\"select-caret-down-wrapper\">\n\t\t\t\t<svg aria-hidden=\"true\" class=\"e-font-icon-svg e-eicon-caret-down\" viewBox=\"0 0 571.4 571.4\" xmlns=\"http:\/\/www.w3.org\/2000\/svg\"><path d=\"M571 393Q571 407 561 418L311 668Q300 679 286 679T261 668L11 418Q0 407 0 393T11 368 36 357H536Q550 357 561 368T571 393Z\"><\/path><\/svg>\t\t\t<\/div>\n\t\t\t<select name=\"form_fields[title]\" id=\"form-field-title\" class=\"elementor-field-textual elementor-size-sm\" required=\"required\" aria-required=\"true\">\n\t\t\t\t\t\t\t\t\t<option value=\"Titre (facultatif)\">Titre (facultatif)<\/option>\n\t\t\t\t\t\t\t\t\t<option value=\"Administrateur technicien MD \">Administrateur technicien MD <\/option>\n\t\t\t\t\t\t\t\t\t<option value=\"OD\">OD<\/option>\n\t\t\t\t\t\t\t\t\t<option value=\"\"><\/option>\n\t\t\t\t\t\t\t\t\t<option value=\"\"><\/option>\n\t\t\t\t\t\t\t<\/select>\n\t\t<\/div>\n\t\t\t\t\t\t<\/div>\n\t\t\t\t\t\t\t\t<div class=\"elementor-field-type-text elementor-field-group elementor-column elementor-field-group-company elementor-col-100\">\n\t\t\t\t\t\t\t\t\t\t\t\t<label for=\"form-field-company\" class=\"elementor-field-label elementor-screen-only\">\n\t\t\t\t\t\t\t\tEntreprise\t\t\t\t\t\t\t<\/label>\n\t\t\t\t\t\t\t\t\t\t\t\t\t\t<input size=\"1\" type=\"text\" name=\"form_fields[company]\" id=\"form-field-company\" class=\"elementor-field elementor-size-sm  elementor-field-textual\" placeholder=\"Entreprise\">\n\t\t\t\t\t\t\t\t\t\t\t<\/div>\n\t\t\t\t\t\t\t\t<div class=\"elementor-field-type-hidden elementor-field-group elementor-column elementor-field-group-form_type elementor-col-100\">\n\t\t\t\t\t\t\t\t\t\t\t\t\t<input size=\"1\" type=\"hidden\" name=\"form_fields[form_type]\" id=\"form-field-form_type\" class=\"elementor-field elementor-size-sm  elementor-field-textual\" value=\"Nova_Study\">\n\t\t\t\t\t\t\t\t\t\t\t<\/div>\n\t\t\t\t\t\t\t\t<div class=\"elementor-field-type-recaptcha elementor-field-group elementor-column elementor-field-group-field_5b2bd37 elementor-col-100\">\n\t\t\t\t\t<div class=\"elementor-field\" id=\"form-field-field_5b2bd37\"><div class=\"elementor-g-recaptcha\" data-sitekey=\"6LepP8onAAAAALGq1bV23hX43sgHYY6hPhg1H_v8\" data-type=\"v2_checkbox\" data-theme=\"light\" data-size=\"normal\"><\/div><\/div>\t\t\t\t<\/div>\n\t\t\t\t\t\t\t\t<div class=\"elementor-field-group elementor-column elementor-field-type-submit elementor-col-100 e-form__buttons\">\n\t\t\t\t\t<button class=\"elementor-button elementor-size-sm\" type=\"submit\">\n\t\t\t\t\t\t<span class=\"elementor-button-content-wrapper\">\n\t\t\t\t\t\t\t\t\t\t\t\t\t\t\t\t\t\t\t\t\t\t<span class=\"elementor-button-text\">T\u00e9l\u00e9charger l\u2019\u00e9tude<\/span>\n\t\t\t\t\t\t\t\t\t\t\t\t\t<\/span>\n\t\t\t\t\t<\/button>\n\t\t\t\t<\/div>\n\t\t\t<\/div>\n\t\t<\/form>\n\t\t\t\t<\/div>\n\t\t\t\t<\/div>\n\t\t\t\t\t<\/div>\n\t\t<\/div>\n\t\t\t\t\t<\/div>\n\t\t<\/section>\n\t\t\t\t<\/div>\n\t\t","protected":false},"excerpt":{"rendered":"<p>Merci d\u2019avoir t\u00e9l\u00e9charg\u00e9 Merci d\u2019avoir t\u00e9l\u00e9charg\u00e9 Essai clinique multicentrique : \u00c9tude NOVA Nouvelle \u00e9valuation de terrain en r\u00e9alit\u00e9 virtuelle<\/p>\n","protected":false},"author":3,"featured_media":0,"parent":0,"menu_order":0,"comment_status":"closed","ping_status":"closed","template":"elementor_header_footer","meta":{"_acf_changed":false,"footnotes":""},"class_list":["post-4940","page","type-page","status-publish","hentry"],"acf":[],"yoast_head":"<!-- This site is optimized with the Yoast SEO plugin v27.4 - https:\/\/yoast.com\/product\/yoast-seo-wordpress\/ -->\n<title>\u00c9tude Nova - RadiusXR<\/title>\n<meta name=\"robots\" content=\"index, follow, max-snippet:-1, max-image-preview:large, max-video-preview:-1\" \/>\n<link rel=\"canonical\" href=\"https:\/\/radiusxr.com\/fr-ca\/etude-nova\/\" \/>\n<meta property=\"og:locale\" content=\"fr_CA\" \/>\n<meta property=\"og:type\" content=\"article\" \/>\n<meta property=\"og:title\" content=\"\u00c9tude Nova - RadiusXR\" \/>\n<meta property=\"og:description\" content=\"Merci d\u2019avoir t\u00e9l\u00e9charg\u00e9 Merci d\u2019avoir t\u00e9l\u00e9charg\u00e9 Essai clinique multicentrique : \u00c9tude NOVA Nouvelle \u00e9valuation de terrain en r\u00e9alit\u00e9 virtuelle\" \/>\n<meta property=\"og:url\" content=\"https:\/\/radiusxr.com\/fr-ca\/etude-nova\/\" \/>\n<meta property=\"og:site_name\" content=\"RadiusXR\" \/>\n<meta property=\"article:publisher\" content=\"https:\/\/www.facebook.com\/radiuspleasanton\/\" \/>\n<meta property=\"article:modified_time\" content=\"2025-08-19T09:42:16+00:00\" \/>\n<meta name=\"twitter:card\" content=\"summary_large_image\" \/>\n<script type=\"application\/ld+json\" class=\"yoast-schema-graph\">{\"@context\":\"https:\\\/\\\/schema.org\",\"@graph\":[{\"@type\":\"WebPage\",\"@id\":\"https:\\\/\\\/radiusxr.com\\\/fr-ca\\\/etude-nova\\\/\",\"url\":\"https:\\\/\\\/radiusxr.com\\\/fr-ca\\\/etude-nova\\\/\",\"name\":\"\u00c9tude Nova - RadiusXR\",\"isPartOf\":{\"@id\":\"https:\\\/\\\/radiusxr.com\\\/fr-ca\\\/#website\"},\"datePublished\":\"2024-11-07T12:47:58+00:00\",\"dateModified\":\"2025-08-19T09:42:16+00:00\",\"breadcrumb\":{\"@id\":\"https:\\\/\\\/radiusxr.com\\\/fr-ca\\\/etude-nova\\\/#breadcrumb\"},\"inLanguage\":\"fr-CA\",\"potentialAction\":[{\"@type\":\"ReadAction\",\"target\":[\"https:\\\/\\\/radiusxr.com\\\/fr-ca\\\/etude-nova\\\/\"]}]},{\"@type\":\"BreadcrumbList\",\"@id\":\"https:\\\/\\\/radiusxr.com\\\/fr-ca\\\/etude-nova\\\/#breadcrumb\",\"itemListElement\":[{\"@type\":\"ListItem\",\"position\":1,\"name\":\"Home\",\"item\":\"https:\\\/\\\/radiusxr.com\\\/fr-ca\\\/\"},{\"@type\":\"ListItem\",\"position\":2,\"name\":\"\u00c9tude Nova\"}]},{\"@type\":\"WebSite\",\"@id\":\"https:\\\/\\\/radiusxr.com\\\/fr-ca\\\/#website\",\"url\":\"https:\\\/\\\/radiusxr.com\\\/fr-ca\\\/\",\"name\":\"RadiusXR\",\"description\":\"See more opportunities\",\"publisher\":{\"@id\":\"https:\\\/\\\/radiusxr.com\\\/fr-ca\\\/#organization\"},\"potentialAction\":[{\"@type\":\"SearchAction\",\"target\":{\"@type\":\"EntryPoint\",\"urlTemplate\":\"https:\\\/\\\/radiusxr.com\\\/fr-ca\\\/?s={search_term_string}\"},\"query-input\":{\"@type\":\"PropertyValueSpecification\",\"valueRequired\":true,\"valueName\":\"search_term_string\"}}],\"inLanguage\":\"fr-CA\"},{\"@type\":\"Organization\",\"@id\":\"https:\\\/\\\/radiusxr.com\\\/fr-ca\\\/#organization\",\"name\":\"RadiusXR\",\"url\":\"https:\\\/\\\/radiusxr.com\\\/fr-ca\\\/\",\"logo\":{\"@type\":\"ImageObject\",\"inLanguage\":\"fr-CA\",\"@id\":\"https:\\\/\\\/radiusxr.com\\\/fr-ca\\\/#\\\/schema\\\/logo\\\/image\\\/\",\"url\":\"https:\\\/\\\/radiusxr.com\\\/wp-content\\\/uploads\\\/2024\\\/05\\\/Radius-XR-Logo-4x.png\",\"contentUrl\":\"https:\\\/\\\/radiusxr.com\\\/wp-content\\\/uploads\\\/2024\\\/05\\\/Radius-XR-Logo-4x.png\",\"width\":475,\"height\":192,\"caption\":\"RadiusXR\"},\"image\":{\"@id\":\"https:\\\/\\\/radiusxr.com\\\/fr-ca\\\/#\\\/schema\\\/logo\\\/image\\\/\"},\"sameAs\":[\"https:\\\/\\\/www.facebook.com\\\/radiuspleasanton\\\/\",\"https:\\\/\\\/www.linkedin.com\\\/company\\\/radius-xr\",\"https:\\\/\\\/www.instagram.com\\\/radius_inc\\\/\"]}]}<\/script>\n<!-- \/ Yoast SEO plugin. -->","yoast_head_json":{"title":"\u00c9tude Nova - RadiusXR","robots":{"index":"index","follow":"follow","max-snippet":"max-snippet:-1","max-image-preview":"max-image-preview:large","max-video-preview":"max-video-preview:-1"},"canonical":"https:\/\/radiusxr.com\/fr-ca\/etude-nova\/","og_locale":"fr_CA","og_type":"article","og_title":"\u00c9tude Nova - RadiusXR","og_description":"Merci d\u2019avoir t\u00e9l\u00e9charg\u00e9 Merci d\u2019avoir t\u00e9l\u00e9charg\u00e9 Essai clinique multicentrique : \u00c9tude NOVA Nouvelle \u00e9valuation de terrain en r\u00e9alit\u00e9 virtuelle","og_url":"https:\/\/radiusxr.com\/fr-ca\/etude-nova\/","og_site_name":"RadiusXR","article_publisher":"https:\/\/www.facebook.com\/radiuspleasanton\/","article_modified_time":"2025-08-19T09:42:16+00:00","twitter_card":"summary_large_image","schema":{"@context":"https:\/\/schema.org","@graph":[{"@type":"WebPage","@id":"https:\/\/radiusxr.com\/fr-ca\/etude-nova\/","url":"https:\/\/radiusxr.com\/fr-ca\/etude-nova\/","name":"\u00c9tude Nova - RadiusXR","isPartOf":{"@id":"https:\/\/radiusxr.com\/fr-ca\/#website"},"datePublished":"2024-11-07T12:47:58+00:00","dateModified":"2025-08-19T09:42:16+00:00","breadcrumb":{"@id":"https:\/\/radiusxr.com\/fr-ca\/etude-nova\/#breadcrumb"},"inLanguage":"fr-CA","potentialAction":[{"@type":"ReadAction","target":["https:\/\/radiusxr.com\/fr-ca\/etude-nova\/"]}]},{"@type":"BreadcrumbList","@id":"https:\/\/radiusxr.com\/fr-ca\/etude-nova\/#breadcrumb","itemListElement":[{"@type":"ListItem","position":1,"name":"Home","item":"https:\/\/radiusxr.com\/fr-ca\/"},{"@type":"ListItem","position":2,"name":"\u00c9tude Nova"}]},{"@type":"WebSite","@id":"https:\/\/radiusxr.com\/fr-ca\/#website","url":"https:\/\/radiusxr.com\/fr-ca\/","name":"RadiusXR","description":"See more opportunities","publisher":{"@id":"https:\/\/radiusxr.com\/fr-ca\/#organization"},"potentialAction":[{"@type":"SearchAction","target":{"@type":"EntryPoint","urlTemplate":"https:\/\/radiusxr.com\/fr-ca\/?s={search_term_string}"},"query-input":{"@type":"PropertyValueSpecification","valueRequired":true,"valueName":"search_term_string"}}],"inLanguage":"fr-CA"},{"@type":"Organization","@id":"https:\/\/radiusxr.com\/fr-ca\/#organization","name":"RadiusXR","url":"https:\/\/radiusxr.com\/fr-ca\/","logo":{"@type":"ImageObject","inLanguage":"fr-CA","@id":"https:\/\/radiusxr.com\/fr-ca\/#\/schema\/logo\/image\/","url":"https:\/\/radiusxr.com\/wp-content\/uploads\/2024\/05\/Radius-XR-Logo-4x.png","contentUrl":"https:\/\/radiusxr.com\/wp-content\/uploads\/2024\/05\/Radius-XR-Logo-4x.png","width":475,"height":192,"caption":"RadiusXR"},"image":{"@id":"https:\/\/radiusxr.com\/fr-ca\/#\/schema\/logo\/image\/"},"sameAs":["https:\/\/www.facebook.com\/radiuspleasanton\/","https:\/\/www.linkedin.com\/company\/radius-xr","https:\/\/www.instagram.com\/radius_inc\/"]}]}},"_links":{"self":[{"href":"https:\/\/radiusxr.com\/fr-ca\/wp-json\/wp\/v2\/pages\/4940","targetHints":{"allow":["GET"]}}],"collection":[{"href":"https:\/\/radiusxr.com\/fr-ca\/wp-json\/wp\/v2\/pages"}],"about":[{"href":"https:\/\/radiusxr.com\/fr-ca\/wp-json\/wp\/v2\/types\/page"}],"author":[{"embeddable":true,"href":"https:\/\/radiusxr.com\/fr-ca\/wp-json\/wp\/v2\/users\/3"}],"replies":[{"embeddable":true,"href":"https:\/\/radiusxr.com\/fr-ca\/wp-json\/wp\/v2\/comments?post=4940"}],"version-history":[{"count":0,"href":"https:\/\/radiusxr.com\/fr-ca\/wp-json\/wp\/v2\/pages\/4940\/revisions"}],"wp:attachment":[{"href":"https:\/\/radiusxr.com\/fr-ca\/wp-json\/wp\/v2\/media?parent=4940"}],"curies":[{"name":"wp","href":"https:\/\/api.w.org\/{rel}","templated":true}]}}