{"id":4932,"date":"2024-06-12T11:57:07","date_gmt":"2024-06-12T06:57:07","guid":{"rendered":"https:\/\/radiusxr.com\/a-propos\/narendra-mulani-ph-d\/"},"modified":"2025-08-19T14:42:01","modified_gmt":"2025-08-19T09:42:01","slug":"narendra-mulani-ph-d","status":"publish","type":"page","link":"https:\/\/radiusxr.com\/fr-ca\/a-propos\/narendra-mulani-ph-d\/","title":{"rendered":"Narendra Mulani, Ph. D."},"content":{"rendered":"\t\t<div data-elementor-type=\"wp-page\" data-elementor-id=\"4932\" class=\"elementor elementor-4932 elementor-1822\" data-elementor-post-type=\"page\">\n\t\t\t\t\t\t<section class=\"elementor-section elementor-top-section elementor-element elementor-element-bdfb504 elementor-hidden-desktop elementor-hidden-tablet elementor-section-boxed elementor-section-height-default elementor-section-height-default\" data-id=\"bdfb504\" data-element_type=\"section\">\n\t\t\t\t\t\t<div class=\"elementor-container elementor-column-gap-default\">\n\t\t\t\t\t<div class=\"elementor-column elementor-col-50 elementor-top-column elementor-element elementor-element-00c5217\" data-id=\"00c5217\" data-element_type=\"column\">\n\t\t\t<div class=\"elementor-widget-wrap elementor-element-populated\">\n\t\t\t\t\t\t<div class=\"elementor-element elementor-element-4521f61 elementor-widget-mobile__width-auto elementor-widget elementor-widget-image\" data-id=\"4521f61\" data-element_type=\"widget\" data-widget_type=\"image.default\">\n\t\t\t\t<div class=\"elementor-widget-container\">\n\t\t\t\t\t\t\t\t\t\t\t\t\t<img fetchpriority=\"high\" decoding=\"async\" width=\"678\" height=\"1024\" src=\"https:\/\/radiusxr.com\/wp-content\/uploads\/2024\/06\/Narendra-Mulani-PhD-678x1024.webp\" class=\"attachment-large size-large wp-image-4933\" alt=\"Narendra Mulani PhD\" srcset=\"https:\/\/radiusxr.com\/wp-content\/uploads\/2024\/06\/Narendra-Mulani-PhD-678x1024.webp 678w, https:\/\/radiusxr.com\/wp-content\/uploads\/2024\/06\/Narendra-Mulani-PhD-199x300.webp 199w, https:\/\/radiusxr.com\/wp-content\/uploads\/2024\/06\/Narendra-Mulani-PhD-768x1161.webp 768w, https:\/\/radiusxr.com\/wp-content\/uploads\/2024\/06\/Narendra-Mulani-PhD.webp 810w\" sizes=\"(max-width: 678px) 100vw, 678px\" \/>\t\t\t\t\t\t\t\t\t\t\t\t\t<\/div>\n\t\t\t\t<\/div>\n\t\t\t\t\t<\/div>\n\t\t<\/div>\n\t\t\t\t<div class=\"elementor-column elementor-col-50 elementor-top-column elementor-element elementor-element-e38e84b\" data-id=\"e38e84b\" data-element_type=\"column\">\n\t\t\t<div class=\"elementor-widget-wrap elementor-element-populated\">\n\t\t\t\t\t\t<div class=\"elementor-element elementor-element-6a53456 elementor-widget elementor-widget-heading\" data-id=\"6a53456\" data-element_type=\"widget\" data-widget_type=\"heading.default\">\n\t\t\t\t<div class=\"elementor-widget-container\">\n\t\t\t<h2 class=\"elementor-heading-title elementor-size-default\">R\u00f4le<\/h2>\t\t<\/div>\n\t\t\t\t<\/div>\n\t\t\t\t<div class=\"elementor-element elementor-element-76ddd6c elementor-widget elementor-widget-heading\" data-id=\"76ddd6c\" data-element_type=\"widget\" data-widget_type=\"heading.default\">\n\t\t\t\t<div class=\"elementor-widget-container\">\n\t\t\t<h2 class=\"elementor-heading-title elementor-size-default\">Observateur du conseil d\u2019administration, investisseur<\/h2>\t\t<\/div>\n\t\t\t\t<\/div>\n\t\t\t\t<div class=\"elementor-element elementor-element-fe3de39 elementor-widget elementor-widget-heading\" data-id=\"fe3de39\" data-element_type=\"widget\" data-widget_type=\"heading.default\">\n\t\t\t\t<div class=\"elementor-widget-container\">\n\t\t\t<h2 class=\"elementor-heading-title elementor-size-default\">Intitutes affili\u00e9es<\/h2>\t\t<\/div>\n\t\t\t\t<\/div>\n\t\t\t\t<div class=\"elementor-element elementor-element-30a11d5 elementor-widget__width-initial elementor-widget-tablet__width-initial elementor-widget-mobile__width-inherit elementor-widget elementor-widget-heading\" data-id=\"30a11d5\" data-element_type=\"widget\" data-widget_type=\"heading.default\">\n\t\t\t\t<div class=\"elementor-widget-container\">\n\t\t\t<h2 class=\"elementor-heading-title elementor-size-default\">Investisseur et entrepreneur avec 20+ \nans chez Accenture<\/h2>\t\t<\/div>\n\t\t\t\t<\/div>\n\t\t\t\t\t<\/div>\n\t\t<\/div>\n\t\t\t\t\t<\/div>\n\t\t<\/section>\n\t\t\t\t<section class=\"elementor-section elementor-top-section elementor-element elementor-element-39134d9 elementor-section-boxed elementor-section-height-default elementor-section-height-default\" data-id=\"39134d9\" data-element_type=\"section\">\n\t\t\t\t\t\t<div class=\"elementor-container elementor-column-gap-default\">\n\t\t\t\t\t<div class=\"elementor-column elementor-col-33 elementor-top-column elementor-element elementor-element-b4f569a elementor-hidden-mobile\" data-id=\"b4f569a\" data-element_type=\"column\">\n\t\t\t<div class=\"elementor-widget-wrap elementor-element-populated\">\n\t\t\t\t\t\t<div class=\"elementor-element elementor-element-c3a3779 elementor-widget-mobile__width-auto elementor-widget elementor-widget-image\" data-id=\"c3a3779\" data-element_type=\"widget\" data-widget_type=\"image.default\">\n\t\t\t\t<div class=\"elementor-widget-container\">\n\t\t\t\t\t\t\t\t\t\t\t\t\t<img fetchpriority=\"high\" decoding=\"async\" width=\"678\" height=\"1024\" src=\"https:\/\/radiusxr.com\/wp-content\/uploads\/2024\/06\/Narendra-Mulani-PhD-678x1024.webp\" class=\"attachment-large size-large wp-image-4933\" alt=\"Narendra Mulani PhD\" srcset=\"https:\/\/radiusxr.com\/wp-content\/uploads\/2024\/06\/Narendra-Mulani-PhD-678x1024.webp 678w, https:\/\/radiusxr.com\/wp-content\/uploads\/2024\/06\/Narendra-Mulani-PhD-199x300.webp 199w, https:\/\/radiusxr.com\/wp-content\/uploads\/2024\/06\/Narendra-Mulani-PhD-768x1161.webp 768w, https:\/\/radiusxr.com\/wp-content\/uploads\/2024\/06\/Narendra-Mulani-PhD.webp 810w\" sizes=\"(max-width: 678px) 100vw, 678px\" \/>\t\t\t\t\t\t\t\t\t\t\t\t\t<\/div>\n\t\t\t\t<\/div>\n\t\t\t\t<div class=\"elementor-element elementor-element-f8b166f elementor-widget elementor-widget-heading\" data-id=\"f8b166f\" data-element_type=\"widget\" data-widget_type=\"heading.default\">\n\t\t\t\t<div class=\"elementor-widget-container\">\n\t\t\t<h2 class=\"elementor-heading-title elementor-size-default\">R\u00f4le<\/h2>\t\t<\/div>\n\t\t\t\t<\/div>\n\t\t\t\t<div class=\"elementor-element elementor-element-e2cc8bf elementor-widget elementor-widget-heading\" data-id=\"e2cc8bf\" data-element_type=\"widget\" data-widget_type=\"heading.default\">\n\t\t\t\t<div class=\"elementor-widget-container\">\n\t\t\t<h2 class=\"elementor-heading-title elementor-size-default\">Observateur du conseil d\u2019administration, investisseur<\/h2>\t\t<\/div>\n\t\t\t\t<\/div>\n\t\t\t\t<div class=\"elementor-element elementor-element-26596b8 elementor-widget elementor-widget-heading\" data-id=\"26596b8\" data-element_type=\"widget\" data-widget_type=\"heading.default\">\n\t\t\t\t<div class=\"elementor-widget-container\">\n\t\t\t<h2 class=\"elementor-heading-title elementor-size-default\">Intitutes affili\u00e9es<\/h2>\t\t<\/div>\n\t\t\t\t<\/div>\n\t\t\t\t<div class=\"elementor-element elementor-element-3a44fd7 elementor-widget__width-initial elementor-widget-tablet__width-initial elementor-widget elementor-widget-heading\" data-id=\"3a44fd7\" data-element_type=\"widget\" data-widget_type=\"heading.default\">\n\t\t\t\t<div class=\"elementor-widget-container\">\n\t\t\t<h2 class=\"elementor-heading-title elementor-size-default\">Investisseur et entrepreneur avec 20+ \nans chez Accenture<\/h2>\t\t<\/div>\n\t\t\t\t<\/div>\n\t\t\t\t\t<\/div>\n\t\t<\/div>\n\t\t\t\t<div class=\"elementor-column elementor-col-66 elementor-top-column elementor-element elementor-element-268e247\" data-id=\"268e247\" data-element_type=\"column\">\n\t\t\t<div class=\"elementor-widget-wrap elementor-element-populated\">\n\t\t\t\t\t\t<div class=\"elementor-element elementor-element-6ff4d04 elementor-widget elementor-widget-heading\" data-id=\"6ff4d04\" data-element_type=\"widget\" data-widget_type=\"heading.default\">\n\t\t\t\t<div class=\"elementor-widget-container\">\n\t\t\t<h2 class=\"elementor-heading-title elementor-size-default\">Narendra Mulani, Ph. D.<\/h2>\t\t<\/div>\n\t\t\t\t<\/div>\n\t\t\t\t<div class=\"elementor-element elementor-element-b5082ed elementor-widget__width-initial elementor-widget elementor-widget-text-editor\" data-id=\"b5082ed\" data-element_type=\"widget\" data-widget_type=\"text-editor.default\">\n\t\t\t\t<div class=\"elementor-widget-container\">\n\t\t\t\t\t\t\t<p>Narendra Mulani a pass\u00e9 23 ans chez Accenture, o\u00f9 il a occup\u00e9 plusieurs postes de direction \u00e0 l\u2019\u00e9chelle mondiale. En 2013, il a \u00e9t\u00e9 charg\u00e9 de fonder et de d\u00e9velopper l\u2019unit\u00e9 commerciale Accenture Applied Intelligence en tant que directeur g\u00e9n\u00e9ral mondial. L\u2019unit\u00e9 est charg\u00e9e de d\u00e9velopper des capacit\u00e9s de base en analytique, en intelligence artificielle et en automatisation pour cr\u00e9er des solutions fonctionnelles et industrielles \u00e0 grande \u00e9chelle. Narendra a \u00e9galement \u00e9t\u00e9 charg\u00e9 de coordonner l\u2019application de l\u2019intelligence artificielle et des technologies analytiques au sein d\u2019Accenture. Au cours des 7 derni\u00e8res ann\u00e9es, il a dirig\u00e9 l\u2019activit\u00e9 d\u2019intelligence appliqu\u00e9e d\u2019Accenture, de sa cr\u00e9ation \u00e0 un chiffre d\u2019affaires annuel de plus de 8 milliards de dollars. On pense qu\u2019il s\u2019agit de l\u2019une des plus grandes entreprises d\u2019IA appliqu\u00e9e au monde.<br>Sa compr\u00e9hension approfondie de la disruption num\u00e9rique, ses solides comp\u00e9tences en mati\u00e8re d\u2019op\u00e9rateur d\u2019affaires et sa capacit\u00e9 \u00e0 collaborer et \u00e0 influencer au sein d\u2019une organisation hautement matricielle ont stimul\u00e9 la croissance rapide et rentable de l\u2019entreprise tout en \u00e9quilibrant les risques d\u2019entreprise. Reflet de son double r\u00f4le de strat\u00e8ge et d\u2019op\u00e9rateur d\u2019affaires, Narendra \u00e9tait le directeur g\u00e9n\u00e9ral principal responsable de l\u2019unit\u00e9 d\u2019affaires. Avant d\u2019occuper son poste chez Applied Intelligence, M. Narendra a occup\u00e9 des postes de haute direction chez Accenture, notamment celui de propri\u00e9taire du compte de r\u00e9sultat pour le portefeuille de l\u2019industrie des produits en Am\u00e9rique du Nord.<br>Avant d\u2019occuper ce poste, Narendra \u00e9tait directeur g\u00e9n\u00e9ral mondial de la pratique de conseil en cha\u00eene d\u2019approvisionnement d\u2019Accenture. Narendra est passionn\u00e9 par la cr\u00e9ation de nouvelles entreprises qui s\u2019attaquent aux grands probl\u00e8mes de notre \u00e9poque. Il croit que l\u2019analytique et l\u2019IA sont de nouvelles fonctions de production qui permettront aux soci\u00e9t\u00e9s du portefeuille CPF de relever l\u2019important d\u00e9fi de g\u00e9rer efficacement le co\u00fbt de l\u2019obtention de r\u00e9sultats de sant\u00e9 sup\u00e9rieurs. Il a h\u00e2te d\u2019apporter son expertise et son exp\u00e9rience \u00e0 la collaboration avec CPF et ses \u00e9quipes op\u00e9rationnelles \u00e0 l\u2019appui de la mission de CPF de bien faire en faisant le bien.          <\/p>\t\t\t\t\t\t<\/div>\n\t\t\t\t<\/div>\n\t\t\t\t\t<\/div>\n\t\t<\/div>\n\t\t\t\t\t<\/div>\n\t\t<\/section>\n\t\t\t\t<\/div>\n\t\t","protected":false},"excerpt":{"rendered":"<p>R\u00f4le Observateur du conseil d\u2019administration, investisseur Intitutes affili\u00e9es Investisseur et entrepreneur avec 20+ ans chez Accenture R\u00f4le Observateur du conseil d\u2019administration, investisseur Intitutes affili\u00e9es Investisseur et entrepreneur avec 20+ ans chez Accenture Narendra Mulani, Ph. D. Narendra Mulani a pass\u00e9 23 ans chez Accenture, o\u00f9 il a occup\u00e9 plusieurs postes de direction \u00e0 l\u2019\u00e9chelle mondiale. [&hellip;]<\/p>\n","protected":false},"author":3,"featured_media":0,"parent":4483,"menu_order":0,"comment_status":"closed","ping_status":"closed","template":"elementor_header_footer","meta":{"_acf_changed":false,"footnotes":""},"class_list":["post-4932","page","type-page","status-publish","hentry"],"acf":[],"yoast_head":"<!-- This site is optimized with the Yoast SEO plugin v27.3 - https:\/\/yoast.com\/product\/yoast-seo-wordpress\/ -->\n<title>Narendra Mulani, Ph. D. - RadiusXR<\/title>\n<meta name=\"robots\" content=\"index, follow, max-snippet:-1, max-image-preview:large, max-video-preview:-1\" \/>\n<link rel=\"canonical\" href=\"https:\/\/radiusxr.com\/fr-ca\/a-propos\/narendra-mulani-ph-d\/\" \/>\n<meta property=\"og:locale\" content=\"fr_CA\" \/>\n<meta property=\"og:type\" content=\"article\" \/>\n<meta property=\"og:title\" content=\"Narendra Mulani, Ph. D. - RadiusXR\" \/>\n<meta property=\"og:description\" content=\"R\u00f4le Observateur du conseil d\u2019administration, investisseur Intitutes affili\u00e9es Investisseur et entrepreneur avec 20+ ans chez Accenture R\u00f4le Observateur du conseil d\u2019administration, investisseur Intitutes affili\u00e9es Investisseur et entrepreneur avec 20+ ans chez Accenture Narendra Mulani, Ph. D. Narendra Mulani a pass\u00e9 23 ans chez Accenture, o\u00f9 il a occup\u00e9 plusieurs postes de direction \u00e0 l\u2019\u00e9chelle mondiale. [&hellip;]\" \/>\n<meta property=\"og:url\" content=\"https:\/\/radiusxr.com\/fr-ca\/a-propos\/narendra-mulani-ph-d\/\" \/>\n<meta property=\"og:site_name\" content=\"RadiusXR\" \/>\n<meta property=\"article:publisher\" content=\"https:\/\/www.facebook.com\/radiuspleasanton\/\" \/>\n<meta property=\"article:modified_time\" content=\"2025-08-19T09:42:01+00:00\" \/>\n<meta property=\"og:image\" content=\"https:\/\/radiusxr.com\/wp-content\/uploads\/2024\/06\/Narendra-Mulani-PhD.webp\" \/>\n\t<meta property=\"og:image:width\" content=\"810\" \/>\n\t<meta property=\"og:image:height\" content=\"1224\" \/>\n\t<meta property=\"og:image:type\" content=\"image\/webp\" \/>\n<meta name=\"twitter:card\" content=\"summary_large_image\" \/>\n<meta name=\"twitter:label1\" content=\"Est. reading time\" \/>\n\t<meta name=\"twitter:data1\" content=\"2 minutes\" \/>\n<script type=\"application\/ld+json\" class=\"yoast-schema-graph\">{\"@context\":\"https:\\\/\\\/schema.org\",\"@graph\":[{\"@type\":\"WebPage\",\"@id\":\"https:\\\/\\\/radiusxr.com\\\/fr-ca\\\/a-propos\\\/narendra-mulani-ph-d\\\/\",\"url\":\"https:\\\/\\\/radiusxr.com\\\/fr-ca\\\/a-propos\\\/narendra-mulani-ph-d\\\/\",\"name\":\"Narendra Mulani, Ph. D. - RadiusXR\",\"isPartOf\":{\"@id\":\"https:\\\/\\\/radiusxr.com\\\/fr-ca\\\/#website\"},\"primaryImageOfPage\":{\"@id\":\"https:\\\/\\\/radiusxr.com\\\/fr-ca\\\/a-propos\\\/narendra-mulani-ph-d\\\/#primaryimage\"},\"image\":{\"@id\":\"https:\\\/\\\/radiusxr.com\\\/fr-ca\\\/a-propos\\\/narendra-mulani-ph-d\\\/#primaryimage\"},\"thumbnailUrl\":\"https:\\\/\\\/radiusxr.com\\\/wp-content\\\/uploads\\\/2024\\\/06\\\/Narendra-Mulani-PhD-678x1024.webp\",\"datePublished\":\"2024-06-12T06:57:07+00:00\",\"dateModified\":\"2025-08-19T09:42:01+00:00\",\"breadcrumb\":{\"@id\":\"https:\\\/\\\/radiusxr.com\\\/fr-ca\\\/a-propos\\\/narendra-mulani-ph-d\\\/#breadcrumb\"},\"inLanguage\":\"fr-CA\",\"potentialAction\":[{\"@type\":\"ReadAction\",\"target\":[\"https:\\\/\\\/radiusxr.com\\\/fr-ca\\\/a-propos\\\/narendra-mulani-ph-d\\\/\"]}]},{\"@type\":\"ImageObject\",\"inLanguage\":\"fr-CA\",\"@id\":\"https:\\\/\\\/radiusxr.com\\\/fr-ca\\\/a-propos\\\/narendra-mulani-ph-d\\\/#primaryimage\",\"url\":\"https:\\\/\\\/radiusxr.com\\\/wp-content\\\/uploads\\\/2024\\\/06\\\/Narendra-Mulani-PhD-678x1024.webp\",\"contentUrl\":\"https:\\\/\\\/radiusxr.com\\\/wp-content\\\/uploads\\\/2024\\\/06\\\/Narendra-Mulani-PhD-678x1024.webp\"},{\"@type\":\"BreadcrumbList\",\"@id\":\"https:\\\/\\\/radiusxr.com\\\/fr-ca\\\/a-propos\\\/narendra-mulani-ph-d\\\/#breadcrumb\",\"itemListElement\":[{\"@type\":\"ListItem\",\"position\":1,\"name\":\"Home\",\"item\":\"https:\\\/\\\/radiusxr.com\\\/fr-ca\\\/\"},{\"@type\":\"ListItem\",\"position\":2,\"name\":\"\u00c0 propos\",\"item\":\"https:\\\/\\\/radiusxr.com\\\/fr-ca\\\/about\\\/\"},{\"@type\":\"ListItem\",\"position\":3,\"name\":\"Narendra Mulani, Ph. D.\"}]},{\"@type\":\"WebSite\",\"@id\":\"https:\\\/\\\/radiusxr.com\\\/fr-ca\\\/#website\",\"url\":\"https:\\\/\\\/radiusxr.com\\\/fr-ca\\\/\",\"name\":\"RadiusXR\",\"description\":\"See more opportunities\",\"publisher\":{\"@id\":\"https:\\\/\\\/radiusxr.com\\\/fr-ca\\\/#organization\"},\"potentialAction\":[{\"@type\":\"SearchAction\",\"target\":{\"@type\":\"EntryPoint\",\"urlTemplate\":\"https:\\\/\\\/radiusxr.com\\\/fr-ca\\\/?s={search_term_string}\"},\"query-input\":{\"@type\":\"PropertyValueSpecification\",\"valueRequired\":true,\"valueName\":\"search_term_string\"}}],\"inLanguage\":\"fr-CA\"},{\"@type\":\"Organization\",\"@id\":\"https:\\\/\\\/radiusxr.com\\\/fr-ca\\\/#organization\",\"name\":\"RadiusXR\",\"url\":\"https:\\\/\\\/radiusxr.com\\\/fr-ca\\\/\",\"logo\":{\"@type\":\"ImageObject\",\"inLanguage\":\"fr-CA\",\"@id\":\"https:\\\/\\\/radiusxr.com\\\/fr-ca\\\/#\\\/schema\\\/logo\\\/image\\\/\",\"url\":\"https:\\\/\\\/radiusxr.com\\\/wp-content\\\/uploads\\\/2024\\\/05\\\/Radius-XR-Logo-4x.png\",\"contentUrl\":\"https:\\\/\\\/radiusxr.com\\\/wp-content\\\/uploads\\\/2024\\\/05\\\/Radius-XR-Logo-4x.png\",\"width\":475,\"height\":192,\"caption\":\"RadiusXR\"},\"image\":{\"@id\":\"https:\\\/\\\/radiusxr.com\\\/fr-ca\\\/#\\\/schema\\\/logo\\\/image\\\/\"},\"sameAs\":[\"https:\\\/\\\/www.facebook.com\\\/radiuspleasanton\\\/\",\"https:\\\/\\\/www.linkedin.com\\\/company\\\/radius-xr\",\"https:\\\/\\\/www.instagram.com\\\/radius_inc\\\/\"]}]}<\/script>\n<!-- \/ Yoast SEO plugin. -->","yoast_head_json":{"title":"Narendra Mulani, Ph. D. - RadiusXR","robots":{"index":"index","follow":"follow","max-snippet":"max-snippet:-1","max-image-preview":"max-image-preview:large","max-video-preview":"max-video-preview:-1"},"canonical":"https:\/\/radiusxr.com\/fr-ca\/a-propos\/narendra-mulani-ph-d\/","og_locale":"fr_CA","og_type":"article","og_title":"Narendra Mulani, Ph. D. - RadiusXR","og_description":"R\u00f4le Observateur du conseil d\u2019administration, investisseur Intitutes affili\u00e9es Investisseur et entrepreneur avec 20+ ans chez Accenture R\u00f4le Observateur du conseil d\u2019administration, investisseur Intitutes affili\u00e9es Investisseur et entrepreneur avec 20+ ans chez Accenture Narendra Mulani, Ph. D. Narendra Mulani a pass\u00e9 23 ans chez Accenture, o\u00f9 il a occup\u00e9 plusieurs postes de direction \u00e0 l\u2019\u00e9chelle mondiale. [&hellip;]","og_url":"https:\/\/radiusxr.com\/fr-ca\/a-propos\/narendra-mulani-ph-d\/","og_site_name":"RadiusXR","article_publisher":"https:\/\/www.facebook.com\/radiuspleasanton\/","article_modified_time":"2025-08-19T09:42:01+00:00","og_image":[{"width":810,"height":1224,"url":"https:\/\/radiusxr.com\/wp-content\/uploads\/2024\/06\/Narendra-Mulani-PhD.webp","type":"image\/webp"}],"twitter_card":"summary_large_image","twitter_misc":{"Est. reading time":"2 minutes"},"schema":{"@context":"https:\/\/schema.org","@graph":[{"@type":"WebPage","@id":"https:\/\/radiusxr.com\/fr-ca\/a-propos\/narendra-mulani-ph-d\/","url":"https:\/\/radiusxr.com\/fr-ca\/a-propos\/narendra-mulani-ph-d\/","name":"Narendra Mulani, Ph. D. - RadiusXR","isPartOf":{"@id":"https:\/\/radiusxr.com\/fr-ca\/#website"},"primaryImageOfPage":{"@id":"https:\/\/radiusxr.com\/fr-ca\/a-propos\/narendra-mulani-ph-d\/#primaryimage"},"image":{"@id":"https:\/\/radiusxr.com\/fr-ca\/a-propos\/narendra-mulani-ph-d\/#primaryimage"},"thumbnailUrl":"https:\/\/radiusxr.com\/wp-content\/uploads\/2024\/06\/Narendra-Mulani-PhD-678x1024.webp","datePublished":"2024-06-12T06:57:07+00:00","dateModified":"2025-08-19T09:42:01+00:00","breadcrumb":{"@id":"https:\/\/radiusxr.com\/fr-ca\/a-propos\/narendra-mulani-ph-d\/#breadcrumb"},"inLanguage":"fr-CA","potentialAction":[{"@type":"ReadAction","target":["https:\/\/radiusxr.com\/fr-ca\/a-propos\/narendra-mulani-ph-d\/"]}]},{"@type":"ImageObject","inLanguage":"fr-CA","@id":"https:\/\/radiusxr.com\/fr-ca\/a-propos\/narendra-mulani-ph-d\/#primaryimage","url":"https:\/\/radiusxr.com\/wp-content\/uploads\/2024\/06\/Narendra-Mulani-PhD-678x1024.webp","contentUrl":"https:\/\/radiusxr.com\/wp-content\/uploads\/2024\/06\/Narendra-Mulani-PhD-678x1024.webp"},{"@type":"BreadcrumbList","@id":"https:\/\/radiusxr.com\/fr-ca\/a-propos\/narendra-mulani-ph-d\/#breadcrumb","itemListElement":[{"@type":"ListItem","position":1,"name":"Home","item":"https:\/\/radiusxr.com\/fr-ca\/"},{"@type":"ListItem","position":2,"name":"\u00c0 propos","item":"https:\/\/radiusxr.com\/fr-ca\/about\/"},{"@type":"ListItem","position":3,"name":"Narendra Mulani, Ph. D."}]},{"@type":"WebSite","@id":"https:\/\/radiusxr.com\/fr-ca\/#website","url":"https:\/\/radiusxr.com\/fr-ca\/","name":"RadiusXR","description":"See more opportunities","publisher":{"@id":"https:\/\/radiusxr.com\/fr-ca\/#organization"},"potentialAction":[{"@type":"SearchAction","target":{"@type":"EntryPoint","urlTemplate":"https:\/\/radiusxr.com\/fr-ca\/?s={search_term_string}"},"query-input":{"@type":"PropertyValueSpecification","valueRequired":true,"valueName":"search_term_string"}}],"inLanguage":"fr-CA"},{"@type":"Organization","@id":"https:\/\/radiusxr.com\/fr-ca\/#organization","name":"RadiusXR","url":"https:\/\/radiusxr.com\/fr-ca\/","logo":{"@type":"ImageObject","inLanguage":"fr-CA","@id":"https:\/\/radiusxr.com\/fr-ca\/#\/schema\/logo\/image\/","url":"https:\/\/radiusxr.com\/wp-content\/uploads\/2024\/05\/Radius-XR-Logo-4x.png","contentUrl":"https:\/\/radiusxr.com\/wp-content\/uploads\/2024\/05\/Radius-XR-Logo-4x.png","width":475,"height":192,"caption":"RadiusXR"},"image":{"@id":"https:\/\/radiusxr.com\/fr-ca\/#\/schema\/logo\/image\/"},"sameAs":["https:\/\/www.facebook.com\/radiuspleasanton\/","https:\/\/www.linkedin.com\/company\/radius-xr","https:\/\/www.instagram.com\/radius_inc\/"]}]}},"_links":{"self":[{"href":"https:\/\/radiusxr.com\/fr-ca\/wp-json\/wp\/v2\/pages\/4932","targetHints":{"allow":["GET"]}}],"collection":[{"href":"https:\/\/radiusxr.com\/fr-ca\/wp-json\/wp\/v2\/pages"}],"about":[{"href":"https:\/\/radiusxr.com\/fr-ca\/wp-json\/wp\/v2\/types\/page"}],"author":[{"embeddable":true,"href":"https:\/\/radiusxr.com\/fr-ca\/wp-json\/wp\/v2\/users\/3"}],"replies":[{"embeddable":true,"href":"https:\/\/radiusxr.com\/fr-ca\/wp-json\/wp\/v2\/comments?post=4932"}],"version-history":[{"count":0,"href":"https:\/\/radiusxr.com\/fr-ca\/wp-json\/wp\/v2\/pages\/4932\/revisions"}],"up":[{"embeddable":true,"href":"https:\/\/radiusxr.com\/fr-ca\/wp-json\/wp\/v2\/pages\/4483"}],"wp:attachment":[{"href":"https:\/\/radiusxr.com\/fr-ca\/wp-json\/wp\/v2\/media?parent=4932"}],"curies":[{"name":"wp","href":"https:\/\/api.w.org\/{rel}","templated":true}]}}