{"id":4890,"date":"2024-07-01T06:11:50","date_gmt":"2024-07-01T01:11:50","guid":{"rendered":"https:\/\/radiusxr.com\/a-propos\/ammad-khan\/"},"modified":"2025-08-19T14:41:33","modified_gmt":"2025-08-19T09:41:33","slug":"ammad-khan","status":"publish","type":"page","link":"https:\/\/radiusxr.com\/fr-ca\/a-propos\/ammad-khan\/","title":{"rendered":"Ammad Khan"},"content":{"rendered":"\t\t<div data-elementor-type=\"wp-page\" data-elementor-id=\"4890\" class=\"elementor elementor-4890 elementor-1914\" data-elementor-post-type=\"page\">\n\t\t\t\t\t\t<section class=\"elementor-section elementor-top-section elementor-element elementor-element-bdfb504 elementor-hidden-desktop elementor-hidden-tablet elementor-section-boxed elementor-section-height-default elementor-section-height-default\" data-id=\"bdfb504\" data-element_type=\"section\">\n\t\t\t\t\t\t<div class=\"elementor-container elementor-column-gap-default\">\n\t\t\t\t\t<div class=\"elementor-column elementor-col-50 elementor-top-column elementor-element elementor-element-00c5217\" data-id=\"00c5217\" data-element_type=\"column\">\n\t\t\t<div class=\"elementor-widget-wrap elementor-element-populated\">\n\t\t\t\t\t\t<div class=\"elementor-element elementor-element-4521f61 elementor-widget-mobile__width-auto elementor-widget elementor-widget-image\" data-id=\"4521f61\" data-element_type=\"widget\" data-widget_type=\"image.default\">\n\t\t\t\t<div class=\"elementor-widget-container\">\n\t\t\t\t\t\t\t\t\t\t\t\t\t<img fetchpriority=\"high\" decoding=\"async\" width=\"678\" height=\"1024\" src=\"https:\/\/radiusxr.com\/wp-content\/uploads\/2024\/07\/Ammad-Khan-678x1024.webp\" class=\"attachment-large size-large wp-image-4891\" alt=\"Ammad Khan\" srcset=\"https:\/\/radiusxr.com\/wp-content\/uploads\/2024\/07\/Ammad-Khan-678x1024.webp 678w, https:\/\/radiusxr.com\/wp-content\/uploads\/2024\/07\/Ammad-Khan-199x300.webp 199w, https:\/\/radiusxr.com\/wp-content\/uploads\/2024\/07\/Ammad-Khan-768x1161.webp 768w, https:\/\/radiusxr.com\/wp-content\/uploads\/2024\/07\/Ammad-Khan.webp 810w\" sizes=\"(max-width: 678px) 100vw, 678px\" \/>\t\t\t\t\t\t\t\t\t\t\t\t\t<\/div>\n\t\t\t\t<\/div>\n\t\t\t\t\t<\/div>\n\t\t<\/div>\n\t\t\t\t<div class=\"elementor-column elementor-col-50 elementor-top-column elementor-element elementor-element-e38e84b\" data-id=\"e38e84b\" data-element_type=\"column\">\n\t\t\t<div class=\"elementor-widget-wrap elementor-element-populated\">\n\t\t\t\t\t\t<div class=\"elementor-element elementor-element-6a53456 elementor-widget elementor-widget-heading\" data-id=\"6a53456\" data-element_type=\"widget\" data-widget_type=\"heading.default\">\n\t\t\t\t<div class=\"elementor-widget-container\">\n\t\t\t<h2 class=\"elementor-heading-title elementor-size-default\">R\u00f4le<\/h2>\t\t<\/div>\n\t\t\t\t<\/div>\n\t\t\t\t<div class=\"elementor-element elementor-element-76ddd6c elementor-widget elementor-widget-heading\" data-id=\"76ddd6c\" data-element_type=\"widget\" data-widget_type=\"heading.default\">\n\t\t\t\t<div class=\"elementor-widget-container\">\n\t\t\t<h2 class=\"elementor-heading-title elementor-size-default\">Fondateur et chef de la direction, membre du conseil d\u2019administration<\/h2>\t\t<\/div>\n\t\t\t\t<\/div>\n\t\t\t\t<div class=\"elementor-element elementor-element-fe3de39 elementor-widget elementor-widget-heading\" data-id=\"fe3de39\" data-element_type=\"widget\" data-widget_type=\"heading.default\">\n\t\t\t\t<div class=\"elementor-widget-container\">\n\t\t\t<h2 class=\"elementor-heading-title elementor-size-default\">Instituts affili\u00e9s<\/h2>\t\t<\/div>\n\t\t\t\t<\/div>\n\t\t\t\t<div class=\"elementor-element elementor-element-30a11d5 elementor-widget__width-initial elementor-widget-tablet__width-initial elementor-widget-mobile__width-inherit elementor-widget elementor-widget-heading\" data-id=\"30a11d5\" data-element_type=\"widget\" data-widget_type=\"heading.default\">\n\t\t\t\t<div class=\"elementor-widget-container\">\n\t\t\t<h2 class=\"elementor-heading-title elementor-size-default\">entrepreneur en s\u00e9rie; Fondateur et investisseur de CitrusBits<\/h2>\t\t<\/div>\n\t\t\t\t<\/div>\n\t\t\t\t\t<\/div>\n\t\t<\/div>\n\t\t\t\t\t<\/div>\n\t\t<\/section>\n\t\t\t\t<section class=\"elementor-section elementor-top-section elementor-element elementor-element-39134d9 elementor-section-boxed elementor-section-height-default elementor-section-height-default\" data-id=\"39134d9\" data-element_type=\"section\">\n\t\t\t\t\t\t<div class=\"elementor-container elementor-column-gap-default\">\n\t\t\t\t\t<div class=\"elementor-column elementor-col-33 elementor-top-column elementor-element elementor-element-b4f569a elementor-hidden-mobile\" data-id=\"b4f569a\" data-element_type=\"column\">\n\t\t\t<div class=\"elementor-widget-wrap elementor-element-populated\">\n\t\t\t\t\t\t<div class=\"elementor-element elementor-element-c3a3779 elementor-widget-mobile__width-auto elementor-widget elementor-widget-image\" data-id=\"c3a3779\" data-element_type=\"widget\" data-widget_type=\"image.default\">\n\t\t\t\t<div class=\"elementor-widget-container\">\n\t\t\t\t\t\t\t\t\t\t\t\t\t<img fetchpriority=\"high\" decoding=\"async\" width=\"678\" height=\"1024\" src=\"https:\/\/radiusxr.com\/wp-content\/uploads\/2024\/07\/Ammad-Khan-678x1024.webp\" class=\"attachment-large size-large wp-image-4891\" alt=\"Ammad Khan\" srcset=\"https:\/\/radiusxr.com\/wp-content\/uploads\/2024\/07\/Ammad-Khan-678x1024.webp 678w, https:\/\/radiusxr.com\/wp-content\/uploads\/2024\/07\/Ammad-Khan-199x300.webp 199w, https:\/\/radiusxr.com\/wp-content\/uploads\/2024\/07\/Ammad-Khan-768x1161.webp 768w, https:\/\/radiusxr.com\/wp-content\/uploads\/2024\/07\/Ammad-Khan.webp 810w\" sizes=\"(max-width: 678px) 100vw, 678px\" \/>\t\t\t\t\t\t\t\t\t\t\t\t\t<\/div>\n\t\t\t\t<\/div>\n\t\t\t\t<div class=\"elementor-element elementor-element-f8b166f elementor-widget-tablet__width-initial elementor-widget elementor-widget-heading\" data-id=\"f8b166f\" data-element_type=\"widget\" data-widget_type=\"heading.default\">\n\t\t\t\t<div class=\"elementor-widget-container\">\n\t\t\t<h2 class=\"elementor-heading-title elementor-size-default\">R\u00f4le<\/h2>\t\t<\/div>\n\t\t\t\t<\/div>\n\t\t\t\t<div class=\"elementor-element elementor-element-e2cc8bf elementor-widget-tablet__width-initial elementor-widget elementor-widget-heading\" data-id=\"e2cc8bf\" data-element_type=\"widget\" data-widget_type=\"heading.default\">\n\t\t\t\t<div class=\"elementor-widget-container\">\n\t\t\t<h2 class=\"elementor-heading-title elementor-size-default\">Fondateur et chef de la direction, membre du conseil d\u2019administration<\/h2>\t\t<\/div>\n\t\t\t\t<\/div>\n\t\t\t\t<div class=\"elementor-element elementor-element-26596b8 elementor-widget-tablet__width-initial elementor-widget elementor-widget-heading\" data-id=\"26596b8\" data-element_type=\"widget\" data-widget_type=\"heading.default\">\n\t\t\t\t<div class=\"elementor-widget-container\">\n\t\t\t<h2 class=\"elementor-heading-title elementor-size-default\">Instituts affili\u00e9s<\/h2>\t\t<\/div>\n\t\t\t\t<\/div>\n\t\t\t\t<div class=\"elementor-element elementor-element-3a44fd7 elementor-widget__width-initial elementor-widget-tablet__width-initial elementor-widget elementor-widget-heading\" data-id=\"3a44fd7\" data-element_type=\"widget\" data-widget_type=\"heading.default\">\n\t\t\t\t<div class=\"elementor-widget-container\">\n\t\t\t<h2 class=\"elementor-heading-title elementor-size-default\">entrepreneur en s\u00e9rie; Fondateur et investisseur de CitrusBits<\/h2>\t\t<\/div>\n\t\t\t\t<\/div>\n\t\t\t\t\t<\/div>\n\t\t<\/div>\n\t\t\t\t<div class=\"elementor-column elementor-col-66 elementor-top-column elementor-element elementor-element-268e247\" data-id=\"268e247\" data-element_type=\"column\">\n\t\t\t<div class=\"elementor-widget-wrap elementor-element-populated\">\n\t\t\t\t\t\t<section class=\"elementor-section elementor-inner-section elementor-element elementor-element-8f37372 elementor-section-full_width elementor-section-height-default elementor-section-height-default\" data-id=\"8f37372\" data-element_type=\"section\">\n\t\t\t\t\t\t<div class=\"elementor-container elementor-column-gap-default\">\n\t\t\t\t\t<div class=\"elementor-column elementor-col-100 elementor-inner-column elementor-element elementor-element-52f7690\" data-id=\"52f7690\" data-element_type=\"column\">\n\t\t\t<div class=\"elementor-widget-wrap elementor-element-populated\">\n\t\t\t\t\t\t<div class=\"elementor-element elementor-element-6ff4d04 elementor-widget-tablet__width-initial elementor-widget-mobile__width-inherit elementor-widget elementor-widget-heading\" data-id=\"6ff4d04\" data-element_type=\"widget\" data-widget_type=\"heading.default\">\n\t\t\t\t<div class=\"elementor-widget-container\">\n\t\t\t<h2 class=\"elementor-heading-title elementor-size-default\">Ammad Khan<\/h2>\t\t<\/div>\n\t\t\t\t<\/div>\n\t\t\t\t<div class=\"elementor-element elementor-element-e392001 elementor-widget__width-initial elementor-widget-mobile__width-inherit ammad-bio-para-space elementor-widget elementor-widget-text-editor\" data-id=\"e392001\" data-element_type=\"widget\" data-widget_type=\"text-editor.default\">\n\t\t\t\t<div class=\"elementor-widget-container\">\n\t\t\t\t\t\t\t<p>Entrepreneur en s\u00e9rie dans le domaine de la technologie et des soins de sant\u00e9, Ammad Khan s\u2019engage \u00e0 relever des d\u00e9fis de taille dans le domaine des soins de sant\u00e9 gr\u00e2ce \u00e0 des solutions technologiques innovantes.<\/p><p>Apr\u00e8s avoir fond\u00e9 sa premi\u00e8re entreprise technologique en 2007, Ammad a vu le potentiel de la technologie de r\u00e9alit\u00e9 virtuelle pour transformer la fa\u00e7on dont nous regardons les soins de la vue. En 2016, il a lanc\u00e9 IrisVision, qui d\u00e9veloppe des solutions num\u00e9riques de sant\u00e9 oculaire pour aider les patients malvoyants \u00e0 pr\u00e9server leur vue et \u00e0 am\u00e9liorer leur vie. Aujourd\u2019hui, Ammad est le fondateur et PDG de RadiusXR, une plateforme de sant\u00e9 num\u00e9rique innovante qui a r\u00e9volutionn\u00e9 les diagnostics visuels.  <\/p><p>Le th\u00e8me commun est la transformation, quelque chose en quoi Ammad croit fermement. Pour catalyser le changement dans le secteur des soins de sant\u00e9, il faut un but, de la compassion et un engagement \u00e0 stimuler l\u2019innovation. Les plateformes qu\u2019il a aid\u00e9 \u00e0 lancer ont re\u00e7u de nombreuses distinctions, notamment le prix de l\u2019innovation CES 2019, le prix Innovation Tri-Valley Game Changer 2022, le prix de l\u2019innovation CES 2023 en sant\u00e9 num\u00e9rique et technologie AR\/VR, le prix des entreprises les plus innovantes 2024 de Fast Company. Ammad a \u00e9galement \u00e9t\u00e9 s\u00e9lectionn\u00e9 dans le cadre du Forbes Next 1000 et a \u00e9t\u00e9 pr\u00e9sent\u00e9 dans la s\u00e9rie Fast Forward du New York Times, \u00ab Technology that Bridges the Gap to Better Sight \u00bb.   <\/p>\t\t\t\t\t\t<\/div>\n\t\t\t\t<\/div>\n\t\t\t\t\t<\/div>\n\t\t<\/div>\n\t\t\t\t\t<\/div>\n\t\t<\/section>\n\t\t\t\t<section class=\"elementor-section elementor-inner-section elementor-element elementor-element-afeda6f nav-btns-section elementor-section-boxed elementor-section-height-default elementor-section-height-default\" data-id=\"afeda6f\" data-element_type=\"section\">\n\t\t\t\t\t\t<div class=\"elementor-container elementor-column-gap-default\">\n\t\t\t\t\t<div class=\"elementor-column elementor-col-100 elementor-inner-column elementor-element elementor-element-da3cd7e\" data-id=\"da3cd7e\" data-element_type=\"column\">\n\t\t\t<div class=\"elementor-widget-wrap elementor-element-populated\">\n\t\t\t\t\t\t<div class=\"elementor-element elementor-element-2c6ca2b elementor-align-left elementor-widget__width-auto elementor-widget elementor-widget-button\" data-id=\"2c6ca2b\" data-element_type=\"widget\" data-widget_type=\"button.default\">\n\t\t\t\t<div class=\"elementor-widget-container\">\n\t\t\t\t\t<div class=\"elementor-button-wrapper\">\n\t\t\t<a class=\"elementor-button elementor-button-link elementor-size-sm\" href=\"https:\/\/radiusxr.com\/about\/sunil-gupta\/\">\n\t\t\t\t\t\t<span class=\"elementor-button-content-wrapper\">\n\t\t\t\t\t\t<span class=\"elementor-button-icon\">\n\t\t\t\t<svg xmlns=\"http:\/\/www.w3.org\/2000\/svg\" width=\"21\" height=\"25\" viewBox=\"0 0 21 25\" fill=\"none\"><path d=\"M15.5005 11.5007H4.33047L9.21047 6.6207C9.60047 6.2307 9.60047 5.5907 9.21047 5.2007C8.82047 4.8107 8.19047 4.8107 7.80047 5.2007L1.21047 11.7907C0.820469 12.1807 0.820469 12.8107 1.21047 13.2007L7.80047 19.7907C8.19047 20.1807 8.82047 20.1807 9.21047 19.7907C9.60047 19.4007 9.60047 18.7707 9.21047 18.3807L4.33047 13.5007H15.5005C16.0505 13.5007 16.5005 13.0507 16.5005 12.5007C16.5005 11.9507 16.0505 11.5007 15.5005 11.5007Z\" fill=\"#00658B\"><\/path><\/svg>\t\t\t<\/span>\n\t\t\t\t\t\t\t\t\t<span class=\"elementor-button-text\">Pr\u00e9c\u00e9dent<\/span>\n\t\t\t\t\t<\/span>\n\t\t\t\t\t<\/a>\n\t\t<\/div>\n\t\t\t\t<\/div>\n\t\t\t\t<\/div>\n\t\t\t\t<div class=\"elementor-element elementor-element-1ddd0dd elementor-align-left elementor-widget__width-auto elementor-widget-mobile__width-auto elementor-widget elementor-widget-button\" data-id=\"1ddd0dd\" data-element_type=\"widget\" data-widget_type=\"button.default\">\n\t\t\t\t<div class=\"elementor-widget-container\">\n\t\t\t\t\t<div class=\"elementor-button-wrapper\">\n\t\t\t<a class=\"elementor-button elementor-button-link elementor-size-sm\" href=\"https:\/\/radiusxr.com\/about\/larry-leisure\/\">\n\t\t\t\t\t\t<span class=\"elementor-button-content-wrapper\">\n\t\t\t\t\t\t<span class=\"elementor-button-icon\">\n\t\t\t\t<svg xmlns=\"http:\/\/www.w3.org\/2000\/svg\" width=\"22\" height=\"25\" viewBox=\"0 0 22 25\" fill=\"none\"><path d=\"M5 13.5007H16.17L11.29 18.3807C10.9 18.7707 10.9 19.4107 11.29 19.8007C11.68 20.1907 12.31 20.1907 12.7 19.8007L19.29 13.2107C19.68 12.8207 19.68 12.1907 19.29 11.8007L12.71 5.2007C12.32 4.8107 11.69 4.8107 11.3 5.2007C10.91 5.5907 10.91 6.2207 11.3 6.6107L16.17 11.5007H5C4.45 11.5007 4 11.9507 4 12.5007C4 13.0507 4.45 13.5007 5 13.5007Z\" fill=\"#00658B\"><\/path><\/svg>\t\t\t<\/span>\n\t\t\t\t\t\t\t\t\t<span class=\"elementor-button-text\">Suivant<\/span>\n\t\t\t\t\t<\/span>\n\t\t\t\t\t<\/a>\n\t\t<\/div>\n\t\t\t\t<\/div>\n\t\t\t\t<\/div>\n\t\t\t\t\t<\/div>\n\t\t<\/div>\n\t\t\t\t\t<\/div>\n\t\t<\/section>\n\t\t\t\t\t<\/div>\n\t\t<\/div>\n\t\t\t\t\t<\/div>\n\t\t<\/section>\n\t\t\t\t<\/div>\n\t\t","protected":false},"excerpt":{"rendered":"<p>R\u00f4le Fondateur et chef de la direction, membre du conseil d\u2019administration Instituts affili\u00e9s entrepreneur en s\u00e9rie; Fondateur et investisseur de CitrusBits R\u00f4le Fondateur et chef de la direction, membre du conseil d\u2019administration Instituts affili\u00e9s entrepreneur en s\u00e9rie; Fondateur et investisseur de CitrusBits Ammad Khan Entrepreneur en s\u00e9rie dans le domaine de la technologie et des [&hellip;]<\/p>\n","protected":false},"author":3,"featured_media":0,"parent":4483,"menu_order":0,"comment_status":"closed","ping_status":"closed","template":"elementor_header_footer","meta":{"_acf_changed":false,"footnotes":""},"class_list":["post-4890","page","type-page","status-publish","hentry"],"acf":[],"yoast_head":"<!-- This site is optimized with the Yoast SEO plugin v27.3 - https:\/\/yoast.com\/product\/yoast-seo-wordpress\/ -->\n<title>Ammad Khan, fondateur, conseil d\u2019administration | Rayon XR<\/title>\n<meta name=\"description\" content=\"Apprenez-en plus sur Ammad Khan, fondateur de RadiusXR, et son r\u00f4le au sein du conseil d\u2019administration. D\u00e9couvrez comment son leadership visionnaire stimule l\u2019innovation dans les solutions num\u00e9riques de soins de la vue.\" \/>\n<meta name=\"robots\" content=\"index, follow, max-snippet:-1, max-image-preview:large, max-video-preview:-1\" \/>\n<link rel=\"canonical\" href=\"https:\/\/radiusxr.com\/fr-ca\/a-propos\/ammad-khan\/\" \/>\n<meta property=\"og:locale\" content=\"fr_CA\" \/>\n<meta property=\"og:type\" content=\"article\" \/>\n<meta property=\"og:title\" content=\"Ammad Khan, fondateur, conseil d\u2019administration | Rayon XR\" \/>\n<meta property=\"og:description\" content=\"Apprenez-en plus sur Ammad Khan, fondateur de RadiusXR, et son r\u00f4le au sein du conseil d\u2019administration. D\u00e9couvrez comment son leadership visionnaire stimule l\u2019innovation dans les solutions num\u00e9riques de soins de la vue.\" \/>\n<meta property=\"og:url\" content=\"https:\/\/radiusxr.com\/fr-ca\/a-propos\/ammad-khan\/\" \/>\n<meta property=\"og:site_name\" content=\"RadiusXR\" \/>\n<meta property=\"article:publisher\" content=\"https:\/\/www.facebook.com\/radiuspleasanton\/\" \/>\n<meta property=\"article:modified_time\" content=\"2025-08-19T09:41:33+00:00\" \/>\n<meta property=\"og:image\" content=\"https:\/\/radiusxr.com\/wp-content\/uploads\/2024\/07\/Ammad-Khan.webp\" \/>\n\t<meta property=\"og:image:width\" content=\"810\" \/>\n\t<meta property=\"og:image:height\" content=\"1224\" \/>\n\t<meta property=\"og:image:type\" content=\"image\/webp\" \/>\n<meta name=\"twitter:card\" content=\"summary_large_image\" \/>\n<meta name=\"twitter:title\" content=\"Ammad Khan, fondateur, conseil d\u2019administration | Rayon XR\" \/>\n<meta name=\"twitter:description\" content=\"Apprenez-en plus sur Ammad Khan, fondateur de RadiusXR, et son r\u00f4le au sein du conseil d\u2019administration. D\u00e9couvrez comment son leadership visionnaire stimule l\u2019innovation dans les solutions num\u00e9riques de soins de la vue.\" \/>\n<meta name=\"twitter:label1\" content=\"Est. reading time\" \/>\n\t<meta name=\"twitter:data1\" content=\"2 minutes\" \/>\n<script type=\"application\/ld+json\" class=\"yoast-schema-graph\">{\"@context\":\"https:\\\/\\\/schema.org\",\"@graph\":[{\"@type\":\"WebPage\",\"@id\":\"https:\\\/\\\/radiusxr.com\\\/fr-ca\\\/a-propos\\\/ammad-khan\\\/\",\"url\":\"https:\\\/\\\/radiusxr.com\\\/fr-ca\\\/a-propos\\\/ammad-khan\\\/\",\"name\":\"Ammad Khan, fondateur, conseil d\u2019administration | Rayon XR\",\"isPartOf\":{\"@id\":\"https:\\\/\\\/radiusxr.com\\\/fr-ca\\\/#website\"},\"primaryImageOfPage\":{\"@id\":\"https:\\\/\\\/radiusxr.com\\\/fr-ca\\\/a-propos\\\/ammad-khan\\\/#primaryimage\"},\"image\":{\"@id\":\"https:\\\/\\\/radiusxr.com\\\/fr-ca\\\/a-propos\\\/ammad-khan\\\/#primaryimage\"},\"thumbnailUrl\":\"https:\\\/\\\/radiusxr.com\\\/wp-content\\\/uploads\\\/2024\\\/07\\\/Ammad-Khan-678x1024.webp\",\"datePublished\":\"2024-07-01T01:11:50+00:00\",\"dateModified\":\"2025-08-19T09:41:33+00:00\",\"description\":\"Apprenez-en plus sur Ammad Khan, fondateur de RadiusXR, et son r\u00f4le au sein du conseil d\u2019administration. D\u00e9couvrez comment son leadership visionnaire stimule l\u2019innovation dans les solutions num\u00e9riques de soins de la vue.\",\"breadcrumb\":{\"@id\":\"https:\\\/\\\/radiusxr.com\\\/fr-ca\\\/a-propos\\\/ammad-khan\\\/#breadcrumb\"},\"inLanguage\":\"fr-CA\",\"potentialAction\":[{\"@type\":\"ReadAction\",\"target\":[\"https:\\\/\\\/radiusxr.com\\\/fr-ca\\\/a-propos\\\/ammad-khan\\\/\"]}]},{\"@type\":\"ImageObject\",\"inLanguage\":\"fr-CA\",\"@id\":\"https:\\\/\\\/radiusxr.com\\\/fr-ca\\\/a-propos\\\/ammad-khan\\\/#primaryimage\",\"url\":\"https:\\\/\\\/radiusxr.com\\\/wp-content\\\/uploads\\\/2024\\\/07\\\/Ammad-Khan-678x1024.webp\",\"contentUrl\":\"https:\\\/\\\/radiusxr.com\\\/wp-content\\\/uploads\\\/2024\\\/07\\\/Ammad-Khan-678x1024.webp\"},{\"@type\":\"BreadcrumbList\",\"@id\":\"https:\\\/\\\/radiusxr.com\\\/fr-ca\\\/a-propos\\\/ammad-khan\\\/#breadcrumb\",\"itemListElement\":[{\"@type\":\"ListItem\",\"position\":1,\"name\":\"Home\",\"item\":\"https:\\\/\\\/radiusxr.com\\\/fr-ca\\\/\"},{\"@type\":\"ListItem\",\"position\":2,\"name\":\"\u00c0 propos\",\"item\":\"https:\\\/\\\/radiusxr.com\\\/fr-ca\\\/about\\\/\"},{\"@type\":\"ListItem\",\"position\":3,\"name\":\"Ammad Khan\"}]},{\"@type\":\"WebSite\",\"@id\":\"https:\\\/\\\/radiusxr.com\\\/fr-ca\\\/#website\",\"url\":\"https:\\\/\\\/radiusxr.com\\\/fr-ca\\\/\",\"name\":\"RadiusXR\",\"description\":\"See more opportunities\",\"publisher\":{\"@id\":\"https:\\\/\\\/radiusxr.com\\\/fr-ca\\\/#organization\"},\"potentialAction\":[{\"@type\":\"SearchAction\",\"target\":{\"@type\":\"EntryPoint\",\"urlTemplate\":\"https:\\\/\\\/radiusxr.com\\\/fr-ca\\\/?s={search_term_string}\"},\"query-input\":{\"@type\":\"PropertyValueSpecification\",\"valueRequired\":true,\"valueName\":\"search_term_string\"}}],\"inLanguage\":\"fr-CA\"},{\"@type\":\"Organization\",\"@id\":\"https:\\\/\\\/radiusxr.com\\\/fr-ca\\\/#organization\",\"name\":\"RadiusXR\",\"url\":\"https:\\\/\\\/radiusxr.com\\\/fr-ca\\\/\",\"logo\":{\"@type\":\"ImageObject\",\"inLanguage\":\"fr-CA\",\"@id\":\"https:\\\/\\\/radiusxr.com\\\/fr-ca\\\/#\\\/schema\\\/logo\\\/image\\\/\",\"url\":\"https:\\\/\\\/radiusxr.com\\\/wp-content\\\/uploads\\\/2024\\\/05\\\/Radius-XR-Logo-4x.png\",\"contentUrl\":\"https:\\\/\\\/radiusxr.com\\\/wp-content\\\/uploads\\\/2024\\\/05\\\/Radius-XR-Logo-4x.png\",\"width\":475,\"height\":192,\"caption\":\"RadiusXR\"},\"image\":{\"@id\":\"https:\\\/\\\/radiusxr.com\\\/fr-ca\\\/#\\\/schema\\\/logo\\\/image\\\/\"},\"sameAs\":[\"https:\\\/\\\/www.facebook.com\\\/radiuspleasanton\\\/\",\"https:\\\/\\\/www.linkedin.com\\\/company\\\/radius-xr\",\"https:\\\/\\\/www.instagram.com\\\/radius_inc\\\/\"]}]}<\/script>\n<!-- \/ Yoast SEO plugin. -->","yoast_head_json":{"title":"Ammad Khan, fondateur, conseil d\u2019administration | Rayon XR","description":"Apprenez-en plus sur Ammad Khan, fondateur de RadiusXR, et son r\u00f4le au sein du conseil d\u2019administration. D\u00e9couvrez comment son leadership visionnaire stimule l\u2019innovation dans les solutions num\u00e9riques de soins de la vue.","robots":{"index":"index","follow":"follow","max-snippet":"max-snippet:-1","max-image-preview":"max-image-preview:large","max-video-preview":"max-video-preview:-1"},"canonical":"https:\/\/radiusxr.com\/fr-ca\/a-propos\/ammad-khan\/","og_locale":"fr_CA","og_type":"article","og_title":"Ammad Khan, fondateur, conseil d\u2019administration | Rayon XR","og_description":"Apprenez-en plus sur Ammad Khan, fondateur de RadiusXR, et son r\u00f4le au sein du conseil d\u2019administration. D\u00e9couvrez comment son leadership visionnaire stimule l\u2019innovation dans les solutions num\u00e9riques de soins de la vue.","og_url":"https:\/\/radiusxr.com\/fr-ca\/a-propos\/ammad-khan\/","og_site_name":"RadiusXR","article_publisher":"https:\/\/www.facebook.com\/radiuspleasanton\/","article_modified_time":"2025-08-19T09:41:33+00:00","og_image":[{"width":810,"height":1224,"url":"https:\/\/radiusxr.com\/wp-content\/uploads\/2024\/07\/Ammad-Khan.webp","type":"image\/webp"}],"twitter_card":"summary_large_image","twitter_title":"Ammad Khan, fondateur, conseil d\u2019administration | Rayon XR","twitter_description":"Apprenez-en plus sur Ammad Khan, fondateur de RadiusXR, et son r\u00f4le au sein du conseil d\u2019administration. D\u00e9couvrez comment son leadership visionnaire stimule l\u2019innovation dans les solutions num\u00e9riques de soins de la vue.","twitter_misc":{"Est. reading time":"2 minutes"},"schema":{"@context":"https:\/\/schema.org","@graph":[{"@type":"WebPage","@id":"https:\/\/radiusxr.com\/fr-ca\/a-propos\/ammad-khan\/","url":"https:\/\/radiusxr.com\/fr-ca\/a-propos\/ammad-khan\/","name":"Ammad Khan, fondateur, conseil d\u2019administration | Rayon XR","isPartOf":{"@id":"https:\/\/radiusxr.com\/fr-ca\/#website"},"primaryImageOfPage":{"@id":"https:\/\/radiusxr.com\/fr-ca\/a-propos\/ammad-khan\/#primaryimage"},"image":{"@id":"https:\/\/radiusxr.com\/fr-ca\/a-propos\/ammad-khan\/#primaryimage"},"thumbnailUrl":"https:\/\/radiusxr.com\/wp-content\/uploads\/2024\/07\/Ammad-Khan-678x1024.webp","datePublished":"2024-07-01T01:11:50+00:00","dateModified":"2025-08-19T09:41:33+00:00","description":"Apprenez-en plus sur Ammad Khan, fondateur de RadiusXR, et son r\u00f4le au sein du conseil d\u2019administration. D\u00e9couvrez comment son leadership visionnaire stimule l\u2019innovation dans les solutions num\u00e9riques de soins de la vue.","breadcrumb":{"@id":"https:\/\/radiusxr.com\/fr-ca\/a-propos\/ammad-khan\/#breadcrumb"},"inLanguage":"fr-CA","potentialAction":[{"@type":"ReadAction","target":["https:\/\/radiusxr.com\/fr-ca\/a-propos\/ammad-khan\/"]}]},{"@type":"ImageObject","inLanguage":"fr-CA","@id":"https:\/\/radiusxr.com\/fr-ca\/a-propos\/ammad-khan\/#primaryimage","url":"https:\/\/radiusxr.com\/wp-content\/uploads\/2024\/07\/Ammad-Khan-678x1024.webp","contentUrl":"https:\/\/radiusxr.com\/wp-content\/uploads\/2024\/07\/Ammad-Khan-678x1024.webp"},{"@type":"BreadcrumbList","@id":"https:\/\/radiusxr.com\/fr-ca\/a-propos\/ammad-khan\/#breadcrumb","itemListElement":[{"@type":"ListItem","position":1,"name":"Home","item":"https:\/\/radiusxr.com\/fr-ca\/"},{"@type":"ListItem","position":2,"name":"\u00c0 propos","item":"https:\/\/radiusxr.com\/fr-ca\/about\/"},{"@type":"ListItem","position":3,"name":"Ammad Khan"}]},{"@type":"WebSite","@id":"https:\/\/radiusxr.com\/fr-ca\/#website","url":"https:\/\/radiusxr.com\/fr-ca\/","name":"RadiusXR","description":"See more opportunities","publisher":{"@id":"https:\/\/radiusxr.com\/fr-ca\/#organization"},"potentialAction":[{"@type":"SearchAction","target":{"@type":"EntryPoint","urlTemplate":"https:\/\/radiusxr.com\/fr-ca\/?s={search_term_string}"},"query-input":{"@type":"PropertyValueSpecification","valueRequired":true,"valueName":"search_term_string"}}],"inLanguage":"fr-CA"},{"@type":"Organization","@id":"https:\/\/radiusxr.com\/fr-ca\/#organization","name":"RadiusXR","url":"https:\/\/radiusxr.com\/fr-ca\/","logo":{"@type":"ImageObject","inLanguage":"fr-CA","@id":"https:\/\/radiusxr.com\/fr-ca\/#\/schema\/logo\/image\/","url":"https:\/\/radiusxr.com\/wp-content\/uploads\/2024\/05\/Radius-XR-Logo-4x.png","contentUrl":"https:\/\/radiusxr.com\/wp-content\/uploads\/2024\/05\/Radius-XR-Logo-4x.png","width":475,"height":192,"caption":"RadiusXR"},"image":{"@id":"https:\/\/radiusxr.com\/fr-ca\/#\/schema\/logo\/image\/"},"sameAs":["https:\/\/www.facebook.com\/radiuspleasanton\/","https:\/\/www.linkedin.com\/company\/radius-xr","https:\/\/www.instagram.com\/radius_inc\/"]}]}},"_links":{"self":[{"href":"https:\/\/radiusxr.com\/fr-ca\/wp-json\/wp\/v2\/pages\/4890","targetHints":{"allow":["GET"]}}],"collection":[{"href":"https:\/\/radiusxr.com\/fr-ca\/wp-json\/wp\/v2\/pages"}],"about":[{"href":"https:\/\/radiusxr.com\/fr-ca\/wp-json\/wp\/v2\/types\/page"}],"author":[{"embeddable":true,"href":"https:\/\/radiusxr.com\/fr-ca\/wp-json\/wp\/v2\/users\/3"}],"replies":[{"embeddable":true,"href":"https:\/\/radiusxr.com\/fr-ca\/wp-json\/wp\/v2\/comments?post=4890"}],"version-history":[{"count":0,"href":"https:\/\/radiusxr.com\/fr-ca\/wp-json\/wp\/v2\/pages\/4890\/revisions"}],"up":[{"embeddable":true,"href":"https:\/\/radiusxr.com\/fr-ca\/wp-json\/wp\/v2\/pages\/4483"}],"wp:attachment":[{"href":"https:\/\/radiusxr.com\/fr-ca\/wp-json\/wp\/v2\/media?parent=4890"}],"curies":[{"name":"wp","href":"https:\/\/api.w.org\/{rel}","templated":true}]}}