{"id":4296,"date":"2024-07-18T16:00:29","date_gmt":"2024-07-18T11:00:29","guid":{"rendered":"https:\/\/radiusxr.com\/merci\/"},"modified":"2025-09-15T11:48:24","modified_gmt":"2025-09-15T06:48:24","slug":"merci","status":"publish","type":"page","link":"https:\/\/radiusxr.com\/fr-ca\/merci\/","title":{"rendered":"Merci"},"content":{"rendered":"\t\t<div data-elementor-type=\"wp-page\" data-elementor-id=\"4296\" class=\"elementor elementor-4296 elementor-2454\" data-elementor-post-type=\"page\">\n\t\t\t\t\t\t<section class=\"elementor-section elementor-top-section elementor-element elementor-element-cecc41d elementor-section-full_width elementor-hidden-mobile elementor-hidden-tablet elementor-section-height-default elementor-section-height-default\" data-id=\"cecc41d\" data-element_type=\"section\" data-settings=\"{&quot;background_background&quot;:&quot;classic&quot;}\">\n\t\t\t\t\t\t<div class=\"elementor-container elementor-column-gap-default\">\n\t\t\t\t\t<div class=\"elementor-column elementor-col-100 elementor-top-column elementor-element elementor-element-dec045b\" data-id=\"dec045b\" data-element_type=\"column\" data-settings=\"{&quot;background_background&quot;:&quot;classic&quot;}\">\n\t\t\t<div class=\"elementor-widget-wrap elementor-element-populated\">\n\t\t\t\t\t\t<section class=\"elementor-section elementor-inner-section elementor-element elementor-element-d30d4b8 elementor-section-full_width elementor-reverse-mobile elementor-section-height-default elementor-section-height-default\" data-id=\"d30d4b8\" data-element_type=\"section\" data-settings=\"{&quot;background_background&quot;:&quot;classic&quot;}\">\n\t\t\t\t\t\t<div class=\"elementor-container elementor-column-gap-default\">\n\t\t\t\t\t<div class=\"elementor-column elementor-col-100 elementor-inner-column elementor-element elementor-element-dbdd83a\" data-id=\"dbdd83a\" data-element_type=\"column\">\n\t\t\t<div class=\"elementor-widget-wrap elementor-element-populated\">\n\t\t\t\t\t\t<div class=\"elementor-element elementor-element-d33f2db elementor-widget__width-inherit elementor-widget-tablet__width-initial elementor-widget elementor-widget-heading\" data-id=\"d33f2db\" data-element_type=\"widget\" data-widget_type=\"heading.default\">\n\t\t\t\t<div class=\"elementor-widget-container\">\n\t\t\t<h2 class=\"elementor-heading-title elementor-size-default\"><span style=\"letter-spacing: -3.5px;margin-right:3px\">Merci<\/span>de nous contacter!<\/h2>\t\t<\/div>\n\t\t\t\t<\/div>\n\t\t\t\t<div class=\"elementor-element elementor-element-cbde16d elementor-button-info elementor-align-left elementor-widget elementor-widget-button\" data-id=\"cbde16d\" data-element_type=\"widget\" data-widget_type=\"button.default\">\n\t\t\t\t<div class=\"elementor-widget-container\">\n\t\t\t\t\t<div class=\"elementor-button-wrapper\">\n\t\t\t<a class=\"elementor-button elementor-button-link elementor-size-sm\" href=\"https:\/\/radiusxr.com\/fr-ca\/\">\n\t\t\t\t\t\t<span class=\"elementor-button-content-wrapper\">\n\t\t\t\t\t\t\t\t\t<span class=\"elementor-button-text\">Retourner \u00e0 la maison<\/span>\n\t\t\t\t\t<\/span>\n\t\t\t\t\t<\/a>\n\t\t<\/div>\n\t\t\t\t<\/div>\n\t\t\t\t<\/div>\n\t\t\t\t\t<\/div>\n\t\t<\/div>\n\t\t\t\t\t<\/div>\n\t\t<\/section>\n\t\t\t\t\t<\/div>\n\t\t<\/div>\n\t\t\t\t\t<\/div>\n\t\t<\/section>\n\t\t\t\t<section class=\"elementor-section elementor-top-section elementor-element elementor-element-b38df31 elementor-section-full_width elementor-hidden-mobile elementor-hidden-desktop elementor-section-height-default elementor-section-height-default\" data-id=\"b38df31\" data-element_type=\"section\" data-settings=\"{&quot;background_background&quot;:&quot;classic&quot;}\">\n\t\t\t\t\t\t<div class=\"elementor-container elementor-column-gap-default\">\n\t\t\t\t\t<div class=\"elementor-column elementor-col-100 elementor-top-column elementor-element elementor-element-eb52155\" data-id=\"eb52155\" data-element_type=\"column\" data-settings=\"{&quot;background_background&quot;:&quot;classic&quot;}\">\n\t\t\t<div class=\"elementor-widget-wrap elementor-element-populated\">\n\t\t\t\t\t\t<section class=\"elementor-section elementor-inner-section elementor-element elementor-element-5d6bf20 elementor-section-full_width elementor-section-height-default elementor-section-height-default\" data-id=\"5d6bf20\" data-element_type=\"section\" data-settings=\"{&quot;background_background&quot;:&quot;classic&quot;}\">\n\t\t\t\t\t\t<div class=\"elementor-container elementor-column-gap-default\">\n\t\t\t\t\t<div class=\"elementor-column elementor-col-100 elementor-inner-column elementor-element elementor-element-06c7836\" data-id=\"06c7836\" data-element_type=\"column\">\n\t\t\t<div class=\"elementor-widget-wrap elementor-element-populated\">\n\t\t\t\t\t\t<div class=\"elementor-element elementor-element-05f884b elementor-widget__width-inherit elementor-widget-tablet__width-inherit elementor-widget elementor-widget-heading\" data-id=\"05f884b\" data-element_type=\"widget\" data-widget_type=\"heading.default\">\n\t\t\t\t<div class=\"elementor-widget-container\">\n\t\t\t<h2 class=\"elementor-heading-title elementor-size-default\"><span style=\"letter-spacing: -3.5px;margin-right:3px\">Merci<\/span>pour <br>Contactez-nous!<\/h2>\t\t<\/div>\n\t\t\t\t<\/div>\n\t\t\t\t<div class=\"elementor-element elementor-element-63217bc elementor-button-info elementor-align-left elementor-widget elementor-widget-button\" data-id=\"63217bc\" data-element_type=\"widget\" data-widget_type=\"button.default\">\n\t\t\t\t<div class=\"elementor-widget-container\">\n\t\t\t\t\t<div class=\"elementor-button-wrapper\">\n\t\t\t<a class=\"elementor-button elementor-button-link elementor-size-sm\" href=\"https:\/\/radiusxr.com\/fr-ca\/\">\n\t\t\t\t\t\t<span class=\"elementor-button-content-wrapper\">\n\t\t\t\t\t\t\t\t\t<span class=\"elementor-button-text\">Retourner \u00e0 la maison<\/span>\n\t\t\t\t\t<\/span>\n\t\t\t\t\t<\/a>\n\t\t<\/div>\n\t\t\t\t<\/div>\n\t\t\t\t<\/div>\n\t\t\t\t\t<\/div>\n\t\t<\/div>\n\t\t\t\t\t<\/div>\n\t\t<\/section>\n\t\t\t\t\t<\/div>\n\t\t<\/div>\n\t\t\t\t\t<\/div>\n\t\t<\/section>\n\t\t\t\t<section class=\"elementor-section elementor-top-section elementor-element elementor-element-b3f3677 elementor-section-full_width elementor-hidden-desktop elementor-hidden-tablet elementor-section-height-default elementor-section-height-default\" data-id=\"b3f3677\" data-element_type=\"section\" data-settings=\"{&quot;background_background&quot;:&quot;classic&quot;}\">\n\t\t\t\t\t\t<div class=\"elementor-container elementor-column-gap-default\">\n\t\t\t\t\t<div class=\"elementor-column elementor-col-100 elementor-top-column elementor-element elementor-element-57cda51\" data-id=\"57cda51\" data-element_type=\"column\" data-settings=\"{&quot;background_background&quot;:&quot;classic&quot;}\">\n\t\t\t<div class=\"elementor-widget-wrap elementor-element-populated\">\n\t\t\t\t\t\t<section class=\"elementor-section elementor-inner-section elementor-element elementor-element-a8d72a9 elementor-section-full_width elementor-reverse-mobile elementor-section-height-default elementor-section-height-default\" data-id=\"a8d72a9\" data-element_type=\"section\" data-settings=\"{&quot;background_background&quot;:&quot;classic&quot;}\">\n\t\t\t\t\t\t<div class=\"elementor-container elementor-column-gap-default\">\n\t\t\t\t\t<div class=\"elementor-column elementor-col-50 elementor-inner-column elementor-element elementor-element-b550d89\" data-id=\"b550d89\" data-element_type=\"column\">\n\t\t\t<div class=\"elementor-widget-wrap elementor-element-populated\">\n\t\t\t\t\t\t<div class=\"elementor-element elementor-element-bf93ad4 elementor-widget elementor-widget-image\" data-id=\"bf93ad4\" data-element_type=\"widget\" data-widget_type=\"image.default\">\n\t\t\t\t<div class=\"elementor-widget-container\">\n\t\t\t\t\t\t\t\t\t\t\t\t\t<img fetchpriority=\"high\" decoding=\"async\" width=\"1560\" height=\"1614\" src=\"https:\/\/d36z7afrauovkx.cloudfront.net\/wp-content\/uploads\/2024\/07\/12101359\/RadiusXR-Board-and-Headset-for-Mobile.webp\" class=\"attachment-full size-full wp-image-4888\" alt=\"RadiusXR Board and Headset for Mobile\" srcset=\"https:\/\/d36z7afrauovkx.cloudfront.net\/wp-content\/uploads\/2024\/07\/12101359\/RadiusXR-Board-and-Headset-for-Mobile.webp 1560w, https:\/\/d36z7afrauovkx.cloudfront.net\/wp-content\/uploads\/2024\/07\/12101359\/RadiusXR-Board-and-Headset-for-Mobile-290x300.webp 290w, https:\/\/d36z7afrauovkx.cloudfront.net\/wp-content\/uploads\/2024\/07\/12101359\/RadiusXR-Board-and-Headset-for-Mobile-990x1024.webp 990w, https:\/\/d36z7afrauovkx.cloudfront.net\/wp-content\/uploads\/2024\/07\/12101359\/RadiusXR-Board-and-Headset-for-Mobile-768x795.webp 768w, https:\/\/d36z7afrauovkx.cloudfront.net\/wp-content\/uploads\/2024\/07\/12101359\/RadiusXR-Board-and-Headset-for-Mobile-1485x1536.webp 1485w\" sizes=\"(max-width: 1560px) 100vw, 1560px\" \/>\t\t\t\t\t\t\t\t\t\t\t\t\t<\/div>\n\t\t\t\t<\/div>\n\t\t\t\t\t<\/div>\n\t\t<\/div>\n\t\t\t\t<div class=\"elementor-column elementor-col-50 elementor-inner-column elementor-element elementor-element-c4469b9\" data-id=\"c4469b9\" data-element_type=\"column\">\n\t\t\t<div class=\"elementor-widget-wrap elementor-element-populated\">\n\t\t\t\t\t\t<div class=\"elementor-element elementor-element-47a3627 elementor-widget__width-initial elementor-widget-mobile__width-inherit elementor-widget elementor-widget-heading\" data-id=\"47a3627\" data-element_type=\"widget\" data-widget_type=\"heading.default\">\n\t\t\t\t<div class=\"elementor-widget-container\">\n\t\t\t<h2 class=\"elementor-heading-title elementor-size-default\"><span style=\"letter-spacing: -3px;margin-right:2px\">Merci<\/span>de nous contacter!<\/h2>\t\t<\/div>\n\t\t\t\t<\/div>\n\t\t\t\t<div class=\"elementor-element elementor-element-d604a1a elementor-button-info elementor-align-left elementor-widget elementor-widget-button\" data-id=\"d604a1a\" data-element_type=\"widget\" data-widget_type=\"button.default\">\n\t\t\t\t<div class=\"elementor-widget-container\">\n\t\t\t\t\t<div class=\"elementor-button-wrapper\">\n\t\t\t<a class=\"elementor-button elementor-button-link elementor-size-sm\" href=\"https:\/\/radiusxr.com\/fr-ca\/\">\n\t\t\t\t\t\t<span class=\"elementor-button-content-wrapper\">\n\t\t\t\t\t\t\t\t\t<span class=\"elementor-button-text\">Retourner \u00e0 la maison<\/span>\n\t\t\t\t\t<\/span>\n\t\t\t\t\t<\/a>\n\t\t<\/div>\n\t\t\t\t<\/div>\n\t\t\t\t<\/div>\n\t\t\t\t\t<\/div>\n\t\t<\/div>\n\t\t\t\t\t<\/div>\n\t\t<\/section>\n\t\t\t\t\t<\/div>\n\t\t<\/div>\n\t\t\t\t\t<\/div>\n\t\t<\/section>\n\t\t\t\t<\/div>\n\t\t","protected":false},"excerpt":{"rendered":"<p>Mercide nous contacter! Retourner \u00e0 la maison Mercipour Contactez-nous! Retourner \u00e0 la maison Mercide nous contacter! Retourner \u00e0 la maison<\/p>\n","protected":false},"author":3,"featured_media":0,"parent":0,"menu_order":0,"comment_status":"closed","ping_status":"closed","template":"elementor_header_footer","meta":{"_acf_changed":false,"footnotes":""},"class_list":["post-4296","page","type-page","status-publish","hentry"],"acf":[],"yoast_head":"<!-- This site is optimized with the Yoast SEO plugin v27.4 - https:\/\/yoast.com\/product\/yoast-seo-wordpress\/ -->\n<title>Merci - RadiusXR<\/title>\n<meta name=\"robots\" content=\"index, follow, max-snippet:-1, max-image-preview:large, max-video-preview:-1\" \/>\n<link rel=\"canonical\" href=\"https:\/\/radiusxr.com\/fr-ca\/merci\/\" \/>\n<meta property=\"og:locale\" content=\"fr_CA\" \/>\n<meta property=\"og:type\" content=\"article\" \/>\n<meta property=\"og:title\" content=\"Merci - RadiusXR\" \/>\n<meta property=\"og:description\" content=\"Mercide nous contacter! Retourner \u00e0 la maison Mercipour Contactez-nous! Retourner \u00e0 la maison Mercide nous contacter! Retourner \u00e0 la maison\" \/>\n<meta property=\"og:url\" content=\"https:\/\/radiusxr.com\/fr-ca\/merci\/\" \/>\n<meta property=\"og:site_name\" content=\"RadiusXR\" \/>\n<meta property=\"article:publisher\" content=\"https:\/\/www.facebook.com\/radiuspleasanton\/\" \/>\n<meta property=\"article:modified_time\" content=\"2025-09-15T06:48:24+00:00\" \/>\n<meta property=\"og:image\" content=\"https:\/\/radiusxr.com\/wp-content\/uploads\/2024\/07\/RadiusXR-Board-and-Headset-for-Mobile.webp\" \/>\n<meta name=\"twitter:card\" content=\"summary_large_image\" \/>\n<script type=\"application\/ld+json\" class=\"yoast-schema-graph\">{\"@context\":\"https:\\\/\\\/schema.org\",\"@graph\":[{\"@type\":\"WebPage\",\"@id\":\"https:\\\/\\\/radiusxr.com\\\/fr-ca\\\/merci\\\/\",\"url\":\"https:\\\/\\\/radiusxr.com\\\/fr-ca\\\/merci\\\/\",\"name\":\"Merci - RadiusXR\",\"isPartOf\":{\"@id\":\"https:\\\/\\\/radiusxr.com\\\/fr-ca\\\/#website\"},\"primaryImageOfPage\":{\"@id\":\"https:\\\/\\\/radiusxr.com\\\/fr-ca\\\/merci\\\/#primaryimage\"},\"image\":{\"@id\":\"https:\\\/\\\/radiusxr.com\\\/fr-ca\\\/merci\\\/#primaryimage\"},\"thumbnailUrl\":\"https:\\\/\\\/radiusxr.com\\\/wp-content\\\/uploads\\\/2024\\\/07\\\/RadiusXR-Board-and-Headset-for-Mobile.webp\",\"datePublished\":\"2024-07-18T11:00:29+00:00\",\"dateModified\":\"2025-09-15T06:48:24+00:00\",\"breadcrumb\":{\"@id\":\"https:\\\/\\\/radiusxr.com\\\/fr-ca\\\/merci\\\/#breadcrumb\"},\"inLanguage\":\"fr-CA\",\"potentialAction\":[{\"@type\":\"ReadAction\",\"target\":[\"https:\\\/\\\/radiusxr.com\\\/fr-ca\\\/merci\\\/\"]}]},{\"@type\":\"ImageObject\",\"inLanguage\":\"fr-CA\",\"@id\":\"https:\\\/\\\/radiusxr.com\\\/fr-ca\\\/merci\\\/#primaryimage\",\"url\":\"https:\\\/\\\/radiusxr.com\\\/wp-content\\\/uploads\\\/2024\\\/07\\\/RadiusXR-Board-and-Headset-for-Mobile.webp\",\"contentUrl\":\"https:\\\/\\\/radiusxr.com\\\/wp-content\\\/uploads\\\/2024\\\/07\\\/RadiusXR-Board-and-Headset-for-Mobile.webp\"},{\"@type\":\"BreadcrumbList\",\"@id\":\"https:\\\/\\\/radiusxr.com\\\/fr-ca\\\/merci\\\/#breadcrumb\",\"itemListElement\":[{\"@type\":\"ListItem\",\"position\":1,\"name\":\"Home\",\"item\":\"https:\\\/\\\/radiusxr.com\\\/fr-ca\\\/\"},{\"@type\":\"ListItem\",\"position\":2,\"name\":\"Merci\"}]},{\"@type\":\"WebSite\",\"@id\":\"https:\\\/\\\/radiusxr.com\\\/fr-ca\\\/#website\",\"url\":\"https:\\\/\\\/radiusxr.com\\\/fr-ca\\\/\",\"name\":\"RadiusXR\",\"description\":\"See more opportunities\",\"publisher\":{\"@id\":\"https:\\\/\\\/radiusxr.com\\\/fr-ca\\\/#organization\"},\"potentialAction\":[{\"@type\":\"SearchAction\",\"target\":{\"@type\":\"EntryPoint\",\"urlTemplate\":\"https:\\\/\\\/radiusxr.com\\\/fr-ca\\\/?s={search_term_string}\"},\"query-input\":{\"@type\":\"PropertyValueSpecification\",\"valueRequired\":true,\"valueName\":\"search_term_string\"}}],\"inLanguage\":\"fr-CA\"},{\"@type\":\"Organization\",\"@id\":\"https:\\\/\\\/radiusxr.com\\\/fr-ca\\\/#organization\",\"name\":\"RadiusXR\",\"url\":\"https:\\\/\\\/radiusxr.com\\\/fr-ca\\\/\",\"logo\":{\"@type\":\"ImageObject\",\"inLanguage\":\"fr-CA\",\"@id\":\"https:\\\/\\\/radiusxr.com\\\/fr-ca\\\/#\\\/schema\\\/logo\\\/image\\\/\",\"url\":\"https:\\\/\\\/radiusxr.com\\\/wp-content\\\/uploads\\\/2024\\\/05\\\/Radius-XR-Logo-4x.png\",\"contentUrl\":\"https:\\\/\\\/radiusxr.com\\\/wp-content\\\/uploads\\\/2024\\\/05\\\/Radius-XR-Logo-4x.png\",\"width\":475,\"height\":192,\"caption\":\"RadiusXR\"},\"image\":{\"@id\":\"https:\\\/\\\/radiusxr.com\\\/fr-ca\\\/#\\\/schema\\\/logo\\\/image\\\/\"},\"sameAs\":[\"https:\\\/\\\/www.facebook.com\\\/radiuspleasanton\\\/\",\"https:\\\/\\\/www.linkedin.com\\\/company\\\/radius-xr\",\"https:\\\/\\\/www.instagram.com\\\/radius_inc\\\/\"]}]}<\/script>\n<!-- \/ Yoast SEO plugin. -->","yoast_head_json":{"title":"Merci - RadiusXR","robots":{"index":"index","follow":"follow","max-snippet":"max-snippet:-1","max-image-preview":"max-image-preview:large","max-video-preview":"max-video-preview:-1"},"canonical":"https:\/\/radiusxr.com\/fr-ca\/merci\/","og_locale":"fr_CA","og_type":"article","og_title":"Merci - RadiusXR","og_description":"Mercide nous contacter! Retourner \u00e0 la maison Mercipour Contactez-nous! Retourner \u00e0 la maison Mercide nous contacter! Retourner \u00e0 la maison","og_url":"https:\/\/radiusxr.com\/fr-ca\/merci\/","og_site_name":"RadiusXR","article_publisher":"https:\/\/www.facebook.com\/radiuspleasanton\/","article_modified_time":"2025-09-15T06:48:24+00:00","og_image":[{"url":"https:\/\/radiusxr.com\/wp-content\/uploads\/2024\/07\/RadiusXR-Board-and-Headset-for-Mobile.webp","type":"","width":"","height":""}],"twitter_card":"summary_large_image","schema":{"@context":"https:\/\/schema.org","@graph":[{"@type":"WebPage","@id":"https:\/\/radiusxr.com\/fr-ca\/merci\/","url":"https:\/\/radiusxr.com\/fr-ca\/merci\/","name":"Merci - RadiusXR","isPartOf":{"@id":"https:\/\/radiusxr.com\/fr-ca\/#website"},"primaryImageOfPage":{"@id":"https:\/\/radiusxr.com\/fr-ca\/merci\/#primaryimage"},"image":{"@id":"https:\/\/radiusxr.com\/fr-ca\/merci\/#primaryimage"},"thumbnailUrl":"https:\/\/radiusxr.com\/wp-content\/uploads\/2024\/07\/RadiusXR-Board-and-Headset-for-Mobile.webp","datePublished":"2024-07-18T11:00:29+00:00","dateModified":"2025-09-15T06:48:24+00:00","breadcrumb":{"@id":"https:\/\/radiusxr.com\/fr-ca\/merci\/#breadcrumb"},"inLanguage":"fr-CA","potentialAction":[{"@type":"ReadAction","target":["https:\/\/radiusxr.com\/fr-ca\/merci\/"]}]},{"@type":"ImageObject","inLanguage":"fr-CA","@id":"https:\/\/radiusxr.com\/fr-ca\/merci\/#primaryimage","url":"https:\/\/radiusxr.com\/wp-content\/uploads\/2024\/07\/RadiusXR-Board-and-Headset-for-Mobile.webp","contentUrl":"https:\/\/radiusxr.com\/wp-content\/uploads\/2024\/07\/RadiusXR-Board-and-Headset-for-Mobile.webp"},{"@type":"BreadcrumbList","@id":"https:\/\/radiusxr.com\/fr-ca\/merci\/#breadcrumb","itemListElement":[{"@type":"ListItem","position":1,"name":"Home","item":"https:\/\/radiusxr.com\/fr-ca\/"},{"@type":"ListItem","position":2,"name":"Merci"}]},{"@type":"WebSite","@id":"https:\/\/radiusxr.com\/fr-ca\/#website","url":"https:\/\/radiusxr.com\/fr-ca\/","name":"RadiusXR","description":"See more opportunities","publisher":{"@id":"https:\/\/radiusxr.com\/fr-ca\/#organization"},"potentialAction":[{"@type":"SearchAction","target":{"@type":"EntryPoint","urlTemplate":"https:\/\/radiusxr.com\/fr-ca\/?s={search_term_string}"},"query-input":{"@type":"PropertyValueSpecification","valueRequired":true,"valueName":"search_term_string"}}],"inLanguage":"fr-CA"},{"@type":"Organization","@id":"https:\/\/radiusxr.com\/fr-ca\/#organization","name":"RadiusXR","url":"https:\/\/radiusxr.com\/fr-ca\/","logo":{"@type":"ImageObject","inLanguage":"fr-CA","@id":"https:\/\/radiusxr.com\/fr-ca\/#\/schema\/logo\/image\/","url":"https:\/\/radiusxr.com\/wp-content\/uploads\/2024\/05\/Radius-XR-Logo-4x.png","contentUrl":"https:\/\/radiusxr.com\/wp-content\/uploads\/2024\/05\/Radius-XR-Logo-4x.png","width":475,"height":192,"caption":"RadiusXR"},"image":{"@id":"https:\/\/radiusxr.com\/fr-ca\/#\/schema\/logo\/image\/"},"sameAs":["https:\/\/www.facebook.com\/radiuspleasanton\/","https:\/\/www.linkedin.com\/company\/radius-xr","https:\/\/www.instagram.com\/radius_inc\/"]}]}},"_links":{"self":[{"href":"https:\/\/radiusxr.com\/fr-ca\/wp-json\/wp\/v2\/pages\/4296","targetHints":{"allow":["GET"]}}],"collection":[{"href":"https:\/\/radiusxr.com\/fr-ca\/wp-json\/wp\/v2\/pages"}],"about":[{"href":"https:\/\/radiusxr.com\/fr-ca\/wp-json\/wp\/v2\/types\/page"}],"author":[{"embeddable":true,"href":"https:\/\/radiusxr.com\/fr-ca\/wp-json\/wp\/v2\/users\/3"}],"replies":[{"embeddable":true,"href":"https:\/\/radiusxr.com\/fr-ca\/wp-json\/wp\/v2\/comments?post=4296"}],"version-history":[{"count":0,"href":"https:\/\/radiusxr.com\/fr-ca\/wp-json\/wp\/v2\/pages\/4296\/revisions"}],"wp:attachment":[{"href":"https:\/\/radiusxr.com\/fr-ca\/wp-json\/wp\/v2\/media?parent=4296"}],"curies":[{"name":"wp","href":"https:\/\/api.w.org\/{rel}","templated":true}]}}